{"id":89543,"date":"2023-04-27T14:18:25","date_gmt":"2023-04-27T12:18:25","guid":{"rendered":"https:\/\/kosovotwopointzero.com\/monografije\/mall-dhe-kerkim\/"},"modified":"2023-04-27T14:51:46","modified_gmt":"2023-04-27T12:51:46","slug":"ceznja-i-potraga","status":"publish","type":"page","link":"https:\/\/archive.kosovotwopointzero.com\/sr\/monografije\/ceznja-i-potraga\/","title":{"rendered":"\u010ce\u017enja i potraga"},"content":{"rendered":"<p><span style=\"font-weight: 400;\">Na Nacionalni dan nestalih K2.0 \u0107e zapo\u010deti objavljivanje serijala od pet pri\u010da iz knjige \u201cOteta djetinjstva\u201d.<\/span><\/p>\n<p><span style=\"font-weight: 400;\">\u201cOteta djetinjstva\u201d su objavili ForumZFD Kosovo i Resursni centar za nestala lica, a rije\u010d je o zbirci pri\u010da dvanaest osoba razli\u010ditih etni\u010dkih pripadnosti \u010diji su najmiliji u toku rata ubijeni ili im se izgubio svaki trag.<\/span><\/p>\n<p><span style=\"font-weight: 400;\">Rasprave o suo\u010davanju sa pro\u0161lo\u0161\u0107u nerijetko se pretvaraju u \u010disto politi\u010dke ili tehni\u010dke debate. Mi svojim radom u K2.0 kao i u sklopu ovakvih saradnji poku\u0161avamo ne samo da promijenimo tok ovih diskusija, ve\u0107 i da ih obogatimo. Te\u017eimo ka tome da iskustva ljudi i njihove svakodnevne borbe stavimo u prvi plan i to prije svega kako bi u sebi na\u0161li mir, a potom i ostvarili pravdu.<\/span><\/p>\n","protected":false},"excerpt":{"rendered":"<p>Na Nacionalni dan nestalih K2.0 \u0107e zapo\u010deti objavljivanje serijala od pet pri\u010da iz knjige \u201cOteta djetinjstva\u201d. \u201cOteta djetinjstva\u201d su objavili&#8230;<\/p>\n","protected":false},"author":768,"featured_media":89494,"parent":10803,"menu_order":2,"comment_status":"closed","ping_status":"closed","template":"page-category.php","meta":[],"_links":{"self":[{"href":"https:\/\/archive.kosovotwopointzero.com\/sr\/wp-json\/wp\/v2\/pages\/89543"}],"collection":[{"href":"https:\/\/archive.kosovotwopointzero.com\/sr\/wp-json\/wp\/v2\/pages"}],"about":[{"href":"https:\/\/archive.kosovotwopointzero.com\/sr\/wp-json\/wp\/v2\/types\/page"}],"author":[{"embeddable":true,"href":"https:\/\/archive.kosovotwopointzero.com\/sr\/wp-json\/wp\/v2\/users\/768"}],"replies":[{"embeddable":true,"href":"https:\/\/archive.kosovotwopointzero.com\/sr\/wp-json\/wp\/v2\/comments?post=89543"}],"version-history":[{"count":3,"href":"https:\/\/archive.kosovotwopointzero.com\/sr\/wp-json\/wp\/v2\/pages\/89543\/revisions"}],"predecessor-version":[{"id":89546,"href":"https:\/\/archive.kosovotwopointzero.com\/sr\/wp-json\/wp\/v2\/pages\/89543\/revisions\/89546"}],"up":[{"embeddable":true,"href":"https:\/\/archive.kosovotwopointzero.com\/sr\/wp-json\/wp\/v2\/pages\/10803"}],"wp:featuredmedia":[{"embeddable":true,"href":"https:\/\/archive.kosovotwopointzero.com\/sr\/wp-json\/wp\/v2\/media\/89494"}],"wp:attachment":[{"href":"https:\/\/archive.kosovotwopointzero.com\/sr\/wp-json\/wp\/v2\/media?parent=89543"}],"curies":[{"name":"wp","href":"https:\/\/api.w.org\/{rel}","templated":true}]}}