{"id":82894,"date":"2022-10-05T13:09:41","date_gmt":"2022-10-05T11:09:41","guid":{"rendered":"https:\/\/kosovotwopointzero.com\/hub-and-studio-2-0\/"},"modified":"2025-04-11T10:16:50","modified_gmt":"2025-04-11T08:16:50","slug":"hub-i-studio-2-0","status":"publish","type":"page","link":"https:\/\/archive.kosovotwopointzero.com\/sr\/hub-i-studio-2-0\/","title":{"rendered":"HUB i STUDIO 2.0"},"content":{"rendered":"\t\t<div data-elementor-type=\"wp-page\" data-elementor-id=\"82894\" class=\"elementor elementor-82894 elementor-81895\" data-elementor-post-type=\"page\">\n\t\t\t\t\t\t\t\t\t<section class=\"elementor-section elementor-top-section elementor-element elementor-element-a5f8734 elementor-section-boxed elementor-section-height-default elementor-section-height-default\" data-id=\"a5f8734\" data-element_type=\"section\">\n\t\t\t\t\t\t<div class=\"elementor-container elementor-column-gap-default\">\n\t\t\t\t\t<div class=\"elementor-column elementor-col-100 elementor-top-column elementor-element elementor-element-d387bc2\" data-id=\"d387bc2\" data-element_type=\"column\">\n\t\t\t<div class=\"elementor-widget-wrap elementor-element-populated\">\n\t\t\t\t\t\t\t\t<div class=\"elementor-element elementor-element-da96465 elementor-widget__width-initial elementor-absolute elementor-hidden-tablet elementor-hidden-mobile elementor-widget elementor-widget-image\" data-id=\"da96465\" data-element_type=\"widget\" data-settings=\"{&quot;_position&quot;:&quot;absolute&quot;}\" data-widget_type=\"image.default\">\n\t\t\t\t<div class=\"elementor-widget-container\">\n\t\t\t\t\t\t\t\t\t\t\t\t\t\t\t<img width=\"1200\" height=\"630\" src=\"https:\/\/archive.kosovotwopointzero.com\/wp-content\/uploads\/2022\/08\/158716046_111325101018088_4425380445017716141_n.jpg\" class=\"attachment-full size-full wp-image-81901\" alt=\"\" loading=\"lazy\" srcset=\"https:\/\/archive.kosovotwopointzero.com\/wp-content\/uploads\/2022\/08\/158716046_111325101018088_4425380445017716141_n.jpg 1200w, https:\/\/archive.kosovotwopointzero.com\/wp-content\/uploads\/2022\/08\/158716046_111325101018088_4425380445017716141_n-300x158.jpg 300w, https:\/\/archive.kosovotwopointzero.com\/wp-content\/uploads\/2022\/08\/158716046_111325101018088_4425380445017716141_n-1024x538.jpg 1024w, https:\/\/archive.kosovotwopointzero.com\/wp-content\/uploads\/2022\/08\/158716046_111325101018088_4425380445017716141_n-768x403.jpg 768w, https:\/\/archive.kosovotwopointzero.com\/wp-content\/uploads\/2022\/08\/158716046_111325101018088_4425380445017716141_n-326x171.jpg 326w\" sizes=\"(max-width: 1200px) 100vw, 1200px\" \/>\t\t\t\t\t\t\t\t\t\t\t\t\t\t\t<\/div>\n\t\t\t\t<\/div>\n\t\t\t\t<div class=\"elementor-element elementor-element-38e1618 elementor-hidden-desktop elementor-widget elementor-widget-image\" data-id=\"38e1618\" data-element_type=\"widget\" data-widget_type=\"image.default\">\n\t\t\t\t<div class=\"elementor-widget-container\">\n\t\t\t\t\t\t\t\t\t\t\t\t\t\t\t<img width=\"1200\" height=\"630\" src=\"https:\/\/archive.kosovotwopointzero.com\/wp-content\/uploads\/2022\/08\/158716046_111325101018088_4425380445017716141_n.jpg\" class=\"attachment-full size-full wp-image-81901\" alt=\"\" loading=\"lazy\" srcset=\"https:\/\/archive.kosovotwopointzero.com\/wp-content\/uploads\/2022\/08\/158716046_111325101018088_4425380445017716141_n.jpg 1200w, https:\/\/archive.kosovotwopointzero.com\/wp-content\/uploads\/2022\/08\/158716046_111325101018088_4425380445017716141_n-300x158.jpg 300w, https:\/\/archive.kosovotwopointzero.com\/wp-content\/uploads\/2022\/08\/158716046_111325101018088_4425380445017716141_n-1024x538.jpg 1024w, https:\/\/archive.kosovotwopointzero.com\/wp-content\/uploads\/2022\/08\/158716046_111325101018088_4425380445017716141_n-768x403.jpg 768w, https:\/\/archive.kosovotwopointzero.com\/wp-content\/uploads\/2022\/08\/158716046_111325101018088_4425380445017716141_n-326x171.jpg 326w\" sizes=\"(max-width: 1200px) 100vw, 1200px\" \/>\t\t\t\t\t\t\t\t\t\t\t\t\t\t\t<\/div>\n\t\t\t\t<\/div>\n\t\t\t\t\t<\/div>\n\t\t<\/div>\n\t\t\t\t\t\t\t<\/div>\n\t\t<\/section>\n\t\t\t\t<section class=\"elementor-section elementor-top-section elementor-element elementor-element-1e1d538 elementor-section-boxed elementor-section-height-default elementor-section-height-default\" data-id=\"1e1d538\" data-element_type=\"section\">\n\t\t\t\t\t\t<div class=\"elementor-container elementor-column-gap-default\">\n\t\t\t\t\t<div class=\"elementor-column elementor-col-100 elementor-top-column elementor-element elementor-element-cd60255\" data-id=\"cd60255\" data-element_type=\"column\">\n\t\t\t<div class=\"elementor-widget-wrap elementor-element-populated\">\n\t\t\t\t\t\t\t\t<div class=\"elementor-element elementor-element-0e7319f elementor-hidden-mobile elementor-widget elementor-widget-heading\" data-id=\"0e7319f\" data-element_type=\"widget\" data-widget_type=\"heading.default\">\n\t\t\t\t<div class=\"elementor-widget-container\">\n\t\t\t<h2 class=\"elementor-heading-title elementor-size-default\"><h1 style=\"font-family: GravurCondensed; letter-spacing: -0.1px; white-space: normal;\">HUB i STUDIO 2.0\n\n<\/h1><\/h2>\t\t<\/div>\n\t\t\t\t<\/div>\n\t\t\t\t<div class=\"elementor-element elementor-element-f2c8580 elementor-widget__width-initial elementor-absolute elementor-widget elementor-widget-image\" data-id=\"f2c8580\" data-element_type=\"widget\" data-settings=\"{&quot;_position&quot;:&quot;absolute&quot;}\" data-widget_type=\"image.default\">\n\t\t\t\t<div class=\"elementor-widget-container\">\n\t\t\t\t\t\t\t\t\t\t\t\t\t\t\t<img width=\"206\" height=\"200\" src=\"https:\/\/archive.kosovotwopointzero.com\/wp-content\/uploads\/2022\/10\/HUB-LOGO.png\" class=\"attachment-large size-large wp-image-83027\" alt=\"\" loading=\"lazy\" \/>\t\t\t\t\t\t\t\t\t\t\t\t\t\t\t<\/div>\n\t\t\t\t<\/div>\n\t\t\t\t<div class=\"elementor-element elementor-element-9d8496f elementor-widget elementor-widget-text-editor\" data-id=\"9d8496f\" data-element_type=\"widget\" data-widget_type=\"text-editor.default\">\n\t\t\t\t<div class=\"elementor-widget-container\">\n\t\t\t\t\t\t\t<p><span style=\"font-weight: 400;\">Jo\u0161 od samog pokretanja \u010dasopisa sanjali smo da stvorimo trajni prostor u kojem \u0107emo se mo\u0107i sastajati sa \u010ditala\u0161tvom, organizovati doga\u0111anja i okupljanja te predstavljati svoju vrhunsku multimedijsku produkciju. Zato smo tokom godina u prostorijama Kosova 2.0\u00a0<\/span><a style=\"border-bottom: 2px solid #fffb00;\" href=\"https:\/\/www.facebook.com\/hub2point0\" target=\"_blank\" rel=\"noopener\">napravili prostor<\/a><span style=\"font-weight: 400;\">\u00a0koji zadovoljava na\u0161e potrebe \u2014 kao i potrebe onih koji se bave poslom sli\u010dnim na\u0161em.<\/span><\/p><p><span style=\"font-weight: 400;\">Ukoliko \u017eelite da se informi\u0161ete o cijenama i raspolo\u017eivosti, molimo vas da nam se obratite na adresu <a href=\"mailto:hub.studio@ktwopointzero.com\" target=\"_blank\" rel=\"noopener\"><span style=\"text-decoration: underline;\"><em>hub.studio@ktwopointzero.com<\/em><\/span><\/a><em><u><\/u>.<\/em><\/span><\/p>\t\t\t\t\t\t<\/div>\n\t\t\t\t<\/div>\n\t\t\t\t\t<\/div>\n\t\t<\/div>\n\t\t\t\t\t\t\t<\/div>\n\t\t<\/section>\n\t\t\t\t<section class=\"elementor-section elementor-top-section elementor-element elementor-element-ea9f0fc elementor-section-boxed elementor-section-height-default elementor-section-height-default\" data-id=\"ea9f0fc\" data-element_type=\"section\">\n\t\t\t\t\t\t<div class=\"elementor-container elementor-column-gap-default\">\n\t\t\t\t\t<div class=\"elementor-column elementor-col-100 elementor-top-column elementor-element elementor-element-3079f8d\" data-id=\"3079f8d\" data-element_type=\"column\">\n\t\t\t<div class=\"elementor-widget-wrap elementor-element-populated\">\n\t\t\t\t\t\t\t\t<div class=\"elementor-element elementor-element-cb48445 elementor-widget elementor-widget-heading\" data-id=\"cb48445\" data-element_type=\"widget\" data-widget_type=\"heading.default\">\n\t\t\t\t<div class=\"elementor-widget-container\">\n\t\t\t<h3 class=\"elementor-heading-title elementor-size-default\">Hub 2.0<\/h3>\t\t<\/div>\n\t\t\t\t<\/div>\n\t\t\t\t<div class=\"elementor-element elementor-element-3a29916 elementor-widget elementor-widget-image\" data-id=\"3a29916\" data-element_type=\"widget\" data-widget_type=\"image.default\">\n\t\t\t\t<div class=\"elementor-widget-container\">\n\t\t\t\t\t\t\t\t\t\t\t\t\t\t\t<img width=\"1024\" height=\"538\" src=\"https:\/\/archive.kosovotwopointzero.com\/wp-content\/uploads\/2022\/08\/159238145_111324157684849_5995691291687343844_n-1024x538.png\" class=\"attachment-large size-large wp-image-81905\" alt=\"\" loading=\"lazy\" srcset=\"https:\/\/archive.kosovotwopointzero.com\/wp-content\/uploads\/2022\/08\/159238145_111324157684849_5995691291687343844_n-1024x538.png 1024w, https:\/\/archive.kosovotwopointzero.com\/wp-content\/uploads\/2022\/08\/159238145_111324157684849_5995691291687343844_n-300x158.png 300w, https:\/\/archive.kosovotwopointzero.com\/wp-content\/uploads\/2022\/08\/159238145_111324157684849_5995691291687343844_n-768x403.png 768w, https:\/\/archive.kosovotwopointzero.com\/wp-content\/uploads\/2022\/08\/159238145_111324157684849_5995691291687343844_n-326x171.png 326w, https:\/\/archive.kosovotwopointzero.com\/wp-content\/uploads\/2022\/08\/159238145_111324157684849_5995691291687343844_n.png 1200w\" sizes=\"(max-width: 1024px) 100vw, 1024px\" \/>\t\t\t\t\t\t\t\t\t\t\t\t\t\t\t<\/div>\n\t\t\t\t<\/div>\n\t\t\t\t\t<\/div>\n\t\t<\/div>\n\t\t\t\t\t\t\t<\/div>\n\t\t<\/section>\n\t\t\t\t<section class=\"elementor-section elementor-top-section elementor-element elementor-element-3319c0a elementor-section-boxed elementor-section-height-default elementor-section-height-default\" data-id=\"3319c0a\" data-element_type=\"section\">\n\t\t\t\t\t\t<div class=\"elementor-container elementor-column-gap-default\">\n\t\t\t\t\t<div class=\"elementor-column elementor-col-100 elementor-top-column elementor-element elementor-element-c254cc7\" data-id=\"c254cc7\" data-element_type=\"column\">\n\t\t\t<div class=\"elementor-widget-wrap elementor-element-populated\">\n\t\t\t\t\t\t\t\t<div class=\"elementor-element elementor-element-7a02b46 elementor-widget elementor-widget-text-editor\" data-id=\"7a02b46\" data-element_type=\"widget\" data-widget_type=\"text-editor.default\">\n\t\t\t\t<div class=\"elementor-widget-container\">\n\t\t\t\t\t\t\t<p><span style=\"font-weight: 400;\">Organizacija javnog doga\u0111anja zahtijeva odgovaraju\u0107i prostor. Situaciju ponekad komplikuje pronalazak istog koji je povoljan i dobro opremljen te koji lako mo\u017ee biti prilago\u0111en za sve namjene \u2014 ve\u0107e konferencije, razgovore i diskusije, prijemove, umjetni\u010dke izlo\u017ebe, projekcije filmova itd. Opremljen projektorom (sa ulazima za VGA i HDMI), stolicama, vre\u0107ama za sjedenje, radnim stolovima, internetom velike brzine i ozvu\u010denjem, na\u0161a dvorana HUB je fleksibilna i mo\u017ee biti pretvorena u prostor kakav \u017eelite da bude. Budu\u0107i da iz njega lako mo\u017eete pristupiti kuhinji, toaletu i povelikom vanjskom prostoru, HUB 2.0 vam omogu\u0107ava udobno i profesionalno iskustvo. Ovaj prostor se tako\u0111er lako mo\u017ee u\u010diniti pristupa\u010dnim za osobe sa invaliditetom.<\/span><\/p>\t\t\t\t\t\t<\/div>\n\t\t\t\t<\/div>\n\t\t\t\t\t<\/div>\n\t\t<\/div>\n\t\t\t\t\t\t\t<\/div>\n\t\t<\/section>\n\t\t\t\t<section class=\"elementor-section elementor-top-section elementor-element elementor-element-95f0bd1 elementor-section-boxed elementor-section-height-default elementor-section-height-default\" data-id=\"95f0bd1\" data-element_type=\"section\">\n\t\t\t\t\t\t<div class=\"elementor-container elementor-column-gap-default\">\n\t\t\t\t\t<div class=\"elementor-column elementor-col-100 elementor-top-column elementor-element elementor-element-42536b6\" data-id=\"42536b6\" data-element_type=\"column\">\n\t\t\t<div class=\"elementor-widget-wrap elementor-element-populated\">\n\t\t\t\t\t\t\t\t<div class=\"elementor-element elementor-element-e61c946 elementor-widget elementor-widget-heading\" data-id=\"e61c946\" data-element_type=\"widget\" data-widget_type=\"heading.default\">\n\t\t\t\t<div class=\"elementor-widget-container\">\n\t\t\t<h3 class=\"elementor-heading-title elementor-size-default\">Soba za sastanke\n<\/h3>\t\t<\/div>\n\t\t\t\t<\/div>\n\t\t\t\t<div class=\"elementor-element elementor-element-08e7982 elementor-widget elementor-widget-image\" data-id=\"08e7982\" data-element_type=\"widget\" data-widget_type=\"image.default\">\n\t\t\t\t<div class=\"elementor-widget-container\">\n\t\t\t\t\t\t\t\t\t\t\t\t\t\t\t<img width=\"2647\" height=\"1764\" src=\"https:\/\/archive.kosovotwopointzero.com\/wp-content\/uploads\/2023\/04\/dhoma-takimeve.png\" class=\"attachment-full size-full wp-image-88906\" alt=\"\" loading=\"lazy\" srcset=\"https:\/\/archive.kosovotwopointzero.com\/wp-content\/uploads\/2023\/04\/dhoma-takimeve.png 2647w, https:\/\/archive.kosovotwopointzero.com\/wp-content\/uploads\/2023\/04\/dhoma-takimeve-300x200.png 300w, https:\/\/archive.kosovotwopointzero.com\/wp-content\/uploads\/2023\/04\/dhoma-takimeve-1024x682.png 1024w, https:\/\/archive.kosovotwopointzero.com\/wp-content\/uploads\/2023\/04\/dhoma-takimeve-768x512.png 768w, https:\/\/archive.kosovotwopointzero.com\/wp-content\/uploads\/2023\/04\/dhoma-takimeve-1536x1024.png 1536w, https:\/\/archive.kosovotwopointzero.com\/wp-content\/uploads\/2023\/04\/dhoma-takimeve-2048x1365.png 2048w, https:\/\/archive.kosovotwopointzero.com\/wp-content\/uploads\/2023\/04\/dhoma-takimeve-326x217.png 326w, https:\/\/archive.kosovotwopointzero.com\/wp-content\/uploads\/2023\/04\/dhoma-takimeve-450x300.png 450w\" sizes=\"(max-width: 2647px) 100vw, 2647px\" \/>\t\t\t\t\t\t\t\t\t\t\t\t\t\t\t<\/div>\n\t\t\t\t<\/div>\n\t\t\t\t\t<\/div>\n\t\t<\/div>\n\t\t\t\t\t\t\t<\/div>\n\t\t<\/section>\n\t\t\t\t<section class=\"elementor-section elementor-top-section elementor-element elementor-element-362afac elementor-section-boxed elementor-section-height-default elementor-section-height-default\" data-id=\"362afac\" data-element_type=\"section\">\n\t\t\t\t\t\t<div class=\"elementor-container elementor-column-gap-default\">\n\t\t\t\t\t<div class=\"elementor-column elementor-col-100 elementor-top-column elementor-element elementor-element-41b88f8\" data-id=\"41b88f8\" data-element_type=\"column\">\n\t\t\t<div class=\"elementor-widget-wrap elementor-element-populated\">\n\t\t\t\t\t\t\t\t<div class=\"elementor-element elementor-element-ee75493 elementor-widget elementor-widget-text-editor\" data-id=\"ee75493\" data-element_type=\"widget\" data-widget_type=\"text-editor.default\">\n\t\t\t\t<div class=\"elementor-widget-container\">\n\t\t\t\t\t\t\t<p><span style=\"font-weight: 400;\">Ako planirate sastanak, prezentaciju za manju grupu osoba ili \u017eustru razmjenu ideja u vidu brejnstorminga, na\u0161a konferencijska sala \u2014 opremljena 52-in\u010dnim pametnim televizorom marke LG, velikim radnim stolom, udobnim stolicama i (po \u017eelji) vre\u0107ama za sjedenje \u2014 idealan je prostor za vas.<\/span><\/p><p><span style=\"font-weight: 400;\">Sala je smje\u0161tena uz HUB te iz nje na pauzi bez problema mo\u017eete pristupiti vanjskom prostoru kao i toaletima, a mo\u017eete je i u\u010diniti lako dostupnom osobama za invaliditetom.<\/span><\/p>\t\t\t\t\t\t<\/div>\n\t\t\t\t<\/div>\n\t\t\t\t\t<\/div>\n\t\t<\/div>\n\t\t\t\t\t\t\t<\/div>\n\t\t<\/section>\n\t\t\t\t<section class=\"elementor-section elementor-top-section elementor-element elementor-element-7c805f8 elementor-section-boxed elementor-section-height-default elementor-section-height-default\" data-id=\"7c805f8\" data-element_type=\"section\">\n\t\t\t\t\t\t<div class=\"elementor-container elementor-column-gap-default\">\n\t\t\t\t\t<div class=\"elementor-column elementor-col-100 elementor-top-column elementor-element elementor-element-8d62414\" data-id=\"8d62414\" data-element_type=\"column\">\n\t\t\t<div class=\"elementor-widget-wrap elementor-element-populated\">\n\t\t\t\t\t\t\t\t<div class=\"elementor-element elementor-element-e124ea2 elementor-widget elementor-widget-heading\" data-id=\"e124ea2\" data-element_type=\"widget\" data-widget_type=\"heading.default\">\n\t\t\t\t<div class=\"elementor-widget-container\">\n\t\t\t<h3 class=\"elementor-heading-title elementor-size-default\">STUDIO 2.0\n<\/h3>\t\t<\/div>\n\t\t\t\t<\/div>\n\t\t\t\t<div class=\"elementor-element elementor-element-ddf5494 elementor-widget elementor-widget-image\" data-id=\"ddf5494\" data-element_type=\"widget\" data-widget_type=\"image.default\">\n\t\t\t\t<div class=\"elementor-widget-container\">\n\t\t\t\t\t\t\t\t\t\t\t\t\t\t\t<img width=\"1024\" height=\"538\" src=\"https:\/\/archive.kosovotwopointzero.com\/wp-content\/uploads\/2022\/08\/158708770_111325401018058_6306244921560157056_n-1024x538.png\" class=\"attachment-large size-large wp-image-81911\" alt=\"\" loading=\"lazy\" srcset=\"https:\/\/archive.kosovotwopointzero.com\/wp-content\/uploads\/2022\/08\/158708770_111325401018058_6306244921560157056_n-1024x538.png 1024w, https:\/\/archive.kosovotwopointzero.com\/wp-content\/uploads\/2022\/08\/158708770_111325401018058_6306244921560157056_n-300x158.png 300w, https:\/\/archive.kosovotwopointzero.com\/wp-content\/uploads\/2022\/08\/158708770_111325401018058_6306244921560157056_n-768x403.png 768w, https:\/\/archive.kosovotwopointzero.com\/wp-content\/uploads\/2022\/08\/158708770_111325401018058_6306244921560157056_n-326x171.png 326w, https:\/\/archive.kosovotwopointzero.com\/wp-content\/uploads\/2022\/08\/158708770_111325401018058_6306244921560157056_n.png 1200w\" sizes=\"(max-width: 1024px) 100vw, 1024px\" \/>\t\t\t\t\t\t\t\t\t\t\t\t\t\t\t<\/div>\n\t\t\t\t<\/div>\n\t\t\t\t\t<\/div>\n\t\t<\/div>\n\t\t\t\t\t\t\t<\/div>\n\t\t<\/section>\n\t\t\t\t<section class=\"elementor-section elementor-top-section elementor-element elementor-element-ad95796 elementor-section-boxed elementor-section-height-default elementor-section-height-default\" data-id=\"ad95796\" data-element_type=\"section\">\n\t\t\t\t\t\t<div class=\"elementor-container elementor-column-gap-default\">\n\t\t\t\t\t<div class=\"elementor-column elementor-col-100 elementor-top-column elementor-element elementor-element-57b4432\" data-id=\"57b4432\" data-element_type=\"column\">\n\t\t\t<div class=\"elementor-widget-wrap elementor-element-populated\">\n\t\t\t\t\t\t\t\t<div class=\"elementor-element elementor-element-45540b7 elementor-widget elementor-widget-text-editor\" data-id=\"45540b7\" data-element_type=\"widget\" data-widget_type=\"text-editor.default\">\n\t\t\t\t<div class=\"elementor-widget-container\">\n\t\t\t\t\t\t\t<p><span style=\"font-weight: 400;\">Pronalazak studija za snimanje opremljenog potrep\u0161tinama koje \u0107e vam omogu\u0107iti da budete kreativni te\u017eak je zadatak \u2014 i mi smo se nalazili u istoj situaciji. Pru\u017eaju\u0107i vam mogu\u0107nost da u njemu obavljate snimanja svih vrsta (bilo to fotografisanje ili snimanje videa) sa bijelom, crnom ili zelenom pozadinom, pri \u010demu je opremljen softboksom, dr\u017ea\u010dem pozadine, reflektorom, blicevima, kompletom rasvjete, setom za portretiranje i \u0161minkom te be\u017ei\u010dnim studijskim blicem, na\u0161 studio garantuje sveobuhvatno umjetni\u010dko iskustvo koje je dostupno svima onima koji \u017eele da ga iskoriste.<\/span><\/p>\t\t\t\t\t\t<\/div>\n\t\t\t\t<\/div>\n\t\t\t\t\t<\/div>\n\t\t<\/div>\n\t\t\t\t\t\t\t<\/div>\n\t\t<\/section>\n\t\t\t\t<section class=\"elementor-section elementor-top-section elementor-element elementor-element-b08e16b elementor-section-boxed elementor-section-height-default elementor-section-height-default\" data-id=\"b08e16b\" data-element_type=\"section\">\n\t\t\t\t\t\t<div class=\"elementor-container elementor-column-gap-default\">\n\t\t\t\t\t<div class=\"elementor-column elementor-col-50 elementor-top-column elementor-element elementor-element-81085db\" data-id=\"81085db\" data-element_type=\"column\">\n\t\t\t<div class=\"elementor-widget-wrap elementor-element-populated\">\n\t\t\t\t\t\t\t\t<div class=\"elementor-element elementor-element-13b6004 elementor-widget elementor-widget-image\" data-id=\"13b6004\" data-element_type=\"widget\" data-widget_type=\"image.default\">\n\t\t\t\t<div class=\"elementor-widget-container\">\n\t\t\t\t\t\t\t\t\t\t\t\t\t\t\t<img width=\"1843\" height=\"2560\" src=\"https:\/\/archive.kosovotwopointzero.com\/wp-content\/uploads\/2023\/04\/Podcast-K20_002-Vertical-1-scaled.jpg\" class=\"attachment-full size-full wp-image-88889\" alt=\"\" loading=\"lazy\" srcset=\"https:\/\/archive.kosovotwopointzero.com\/wp-content\/uploads\/2023\/04\/Podcast-K20_002-Vertical-1-scaled.jpg 1843w, https:\/\/archive.kosovotwopointzero.com\/wp-content\/uploads\/2023\/04\/Podcast-K20_002-Vertical-1-216x300.jpg 216w, https:\/\/archive.kosovotwopointzero.com\/wp-content\/uploads\/2023\/04\/Podcast-K20_002-Vertical-1-737x1024.jpg 737w, https:\/\/archive.kosovotwopointzero.com\/wp-content\/uploads\/2023\/04\/Podcast-K20_002-Vertical-1-768x1067.jpg 768w, https:\/\/archive.kosovotwopointzero.com\/wp-content\/uploads\/2023\/04\/Podcast-K20_002-Vertical-1-1106x1536.jpg 1106w, https:\/\/archive.kosovotwopointzero.com\/wp-content\/uploads\/2023\/04\/Podcast-K20_002-Vertical-1-1474x2048.jpg 1474w, https:\/\/archive.kosovotwopointzero.com\/wp-content\/uploads\/2023\/04\/Podcast-K20_002-Vertical-1-326x453.jpg 326w\" sizes=\"(max-width: 1843px) 100vw, 1843px\" \/>\t\t\t\t\t\t\t\t\t\t\t\t\t\t\t<\/div>\n\t\t\t\t<\/div>\n\t\t\t\t\t<\/div>\n\t\t<\/div>\n\t\t\t\t<div class=\"elementor-column elementor-col-50 elementor-top-column elementor-element elementor-element-d75abc8\" data-id=\"d75abc8\" data-element_type=\"column\">\n\t\t\t<div class=\"elementor-widget-wrap elementor-element-populated\">\n\t\t\t\t\t\t\t\t<div class=\"elementor-element elementor-element-0da8119 elementor-widget elementor-widget-image\" data-id=\"0da8119\" data-element_type=\"widget\" data-widget_type=\"image.default\">\n\t\t\t\t<div class=\"elementor-widget-container\">\n\t\t\t\t\t\t\t\t\t\t\t\t\t\t\t<img width=\"1201\" height=\"1006\" src=\"https:\/\/archive.kosovotwopointzero.com\/wp-content\/uploads\/2023\/04\/podcast-image-final.png\" class=\"attachment-full size-full wp-image-88886\" alt=\"\" loading=\"lazy\" srcset=\"https:\/\/archive.kosovotwopointzero.com\/wp-content\/uploads\/2023\/04\/podcast-image-final.png 1201w, https:\/\/archive.kosovotwopointzero.com\/wp-content\/uploads\/2023\/04\/podcast-image-final-300x251.png 300w, https:\/\/archive.kosovotwopointzero.com\/wp-content\/uploads\/2023\/04\/podcast-image-final-1024x858.png 1024w, https:\/\/archive.kosovotwopointzero.com\/wp-content\/uploads\/2023\/04\/podcast-image-final-768x643.png 768w, https:\/\/archive.kosovotwopointzero.com\/wp-content\/uploads\/2023\/04\/podcast-image-final-326x273.png 326w\" sizes=\"(max-width: 1201px) 100vw, 1201px\" \/>\t\t\t\t\t\t\t\t\t\t\t\t\t\t\t<\/div>\n\t\t\t\t<\/div>\n\t\t\t\t\t<\/div>\n\t\t<\/div>\n\t\t\t\t\t\t\t<\/div>\n\t\t<\/section>\n\t\t\t\t<section class=\"elementor-section elementor-top-section elementor-element elementor-element-bb1f176 elementor-section-boxed elementor-section-height-default elementor-section-height-default\" data-id=\"bb1f176\" data-element_type=\"section\">\n\t\t\t\t\t\t<div class=\"elementor-container elementor-column-gap-default\">\n\t\t\t\t\t<div class=\"elementor-column elementor-col-100 elementor-top-column elementor-element elementor-element-7792479\" data-id=\"7792479\" data-element_type=\"column\">\n\t\t\t<div class=\"elementor-widget-wrap elementor-element-populated\">\n\t\t\t\t\t\t\t\t<div class=\"elementor-element elementor-element-bcfe58e elementor-widget elementor-widget-text-editor\" data-id=\"bcfe58e\" data-element_type=\"widget\" data-widget_type=\"text-editor.default\">\n\t\t\t\t<div class=\"elementor-widget-container\">\n\t\t\t\t\t\t\t<p><span style=\"font-weight: 400;\">Bez obzira na to da li ste podkaster\/ka sa du\u017eim ili kra\u0107im sta\u017eem, na\u0161 studio vam nudi sve \u0161to vam je potrebno da svoj podkast dignete na vi\u0161i nivo. Zahvaljuju\u0107i zvu\u010dno izolovanim kabinama, svaki tonski zapis koji snimite bit \u0107e besprijekorno \u010dist, dok \u0107e vam najsavremeniji softver za miks i obradu zvuka omogu\u0107iti da ga profesionalno montirate i dovedete do savr\u0161enstva.<\/span><\/p><p><span style=\"font-weight: 400;\">Ako \u017eelite da va\u0161 podkast nema premca, posjetite na\u0161e studijske prostorije, a mi \u0107emo vam pomo\u0107i da se va\u0161 glas \u010duje jo\u0161 i dalje.<br \/><br \/><strong>Fotografije: Atdhe Mulla \/ K2.0.<\/strong><br \/><\/span><\/p>\t\t\t\t\t\t<\/div>\n\t\t\t\t<\/div>\n\t\t\t\t\t<\/div>\n\t\t<\/div>\n\t\t\t\t\t\t\t<\/div>\n\t\t<\/section>\n\t\t\t\t\t\t\t<\/div>\n\t\t","protected":false},"excerpt":{"rendered":"<p>HUB i STUDIO 2.0 Jo\u0161 od samog pokretanja \u010dasopisa sanjali smo da stvorimo trajni prostor u kojem \u0107emo se mo\u0107i&#8230;<\/p>\n","protected":false},"author":260,"featured_media":0,"parent":0,"menu_order":4,"comment_status":"closed","ping_status":"closed","template":"","meta":[],"_links":{"self":[{"href":"https:\/\/archive.kosovotwopointzero.com\/sr\/wp-json\/wp\/v2\/pages\/82894"}],"collection":[{"href":"https:\/\/archive.kosovotwopointzero.com\/sr\/wp-json\/wp\/v2\/pages"}],"about":[{"href":"https:\/\/archive.kosovotwopointzero.com\/sr\/wp-json\/wp\/v2\/types\/page"}],"author":[{"embeddable":true,"href":"https:\/\/archive.kosovotwopointzero.com\/sr\/wp-json\/wp\/v2\/users\/260"}],"replies":[{"embeddable":true,"href":"https:\/\/archive.kosovotwopointzero.com\/sr\/wp-json\/wp\/v2\/comments?post=82894"}],"version-history":[{"count":38,"href":"https:\/\/archive.kosovotwopointzero.com\/sr\/wp-json\/wp\/v2\/pages\/82894\/revisions"}],"predecessor-version":[{"id":88915,"href":"https:\/\/archive.kosovotwopointzero.com\/sr\/wp-json\/wp\/v2\/pages\/82894\/revisions\/88915"}],"wp:attachment":[{"href":"https:\/\/archive.kosovotwopointzero.com\/sr\/wp-json\/wp\/v2\/media?parent=82894"}],"curies":[{"name":"wp","href":"https:\/\/api.w.org\/{rel}","templated":true}]}}