{"id":76202,"date":"2022-05-30T11:56:50","date_gmt":"2022-05-30T09:56:50","guid":{"rendered":"https:\/\/kosovotwopointzero.com\/k2-0-carnival\/"},"modified":"2025-04-11T10:17:05","modified_gmt":"2025-04-11T08:17:05","slug":"karneval-k2-0","status":"publish","type":"page","link":"https:\/\/archive.kosovotwopointzero.com\/sr\/karneval-k2-0\/","title":{"rendered":"KARNEVAL K2.0"},"content":{"rendered":"\t\t<div data-elementor-type=\"wp-page\" data-elementor-id=\"76202\" class=\"elementor elementor-76202 elementor-76186\" data-elementor-post-type=\"page\">\n\t\t\t\t\t\t\t\t\t<section class=\"elementor-section elementor-top-section elementor-element elementor-element-a94dae5 elementor-section-boxed elementor-section-height-default elementor-section-height-default\" data-id=\"a94dae5\" data-element_type=\"section\">\n\t\t\t\t\t\t<div class=\"elementor-container elementor-column-gap-default\">\n\t\t\t\t\t<div class=\"elementor-column elementor-col-100 elementor-top-column elementor-element elementor-element-a8970ac\" data-id=\"a8970ac\" data-element_type=\"column\">\n\t\t\t<div class=\"elementor-widget-wrap elementor-element-populated\">\n\t\t\t\t\t\t\t\t<div class=\"elementor-element elementor-element-32bc2c6 elementor-widget elementor-widget-heading\" data-id=\"32bc2c6\" data-element_type=\"widget\" data-widget_type=\"heading.default\">\n\t\t\t\t<div class=\"elementor-widget-container\">\n\t\t\t<h4 class=\"elementor-heading-title elementor-size-default\">Ono doba godine kada\u2026\n<\/h4>\t\t<\/div>\n\t\t\t\t<\/div>\n\t\t\t\t\t<\/div>\n\t\t<\/div>\n\t\t\t\t\t\t\t<\/div>\n\t\t<\/section>\n\t\t\t\t<section class=\"elementor-section elementor-top-section elementor-element elementor-element-02fa253 elementor-section-boxed elementor-section-height-default elementor-section-height-default\" data-id=\"02fa253\" data-element_type=\"section\">\n\t\t\t\t\t\t<div class=\"elementor-container elementor-column-gap-default\">\n\t\t\t\t\t<div class=\"elementor-column elementor-col-100 elementor-top-column elementor-element elementor-element-1ca28e5\" data-id=\"1ca28e5\" data-element_type=\"column\">\n\t\t\t<div class=\"elementor-widget-wrap elementor-element-populated\">\n\t\t\t\t\t\t\t\t<div class=\"elementor-element elementor-element-6df534e elementor-widget elementor-widget-text-editor\" data-id=\"6df534e\" data-element_type=\"widget\" data-widget_type=\"text-editor.default\">\n\t\t\t\t<div class=\"elementor-widget-container\">\n\t\t\t\t\t\t\t<p><span style=\"font-weight: 400;\">Kada spomenemo karneval, pomislimo na dre\u010dave kostime, bu\u010dne proslave i pretjerivanje. Pa\u017enja se mnogo rje\u0111e pridaje porijeklu karnevala, kolektivnog rituala koji datira iz doba antike.<\/span><\/p><p><span style=\"font-weight: 400;\">Smatra se da ono \u0161to danas podrazumijevamo pod pojmom karneval vu\u010de korijene iz starorimskih proslava koje su se nazivale Saturnalije. Naime, pred kraj godine, ljudi iz svih dru\u0161tvenih slojeva okupljali bi se u \u010dast boga Saturna. On je prema mitologiji vladao u Zlatnom dobu \u010dovje\u010danstva \u2014 dobu blagostanja, jednakosti i mira \u2014 a onda misteriozno nestao. Saturnalije su bile svetkovine koje su se odr\u017eavale u znak sje\u0107anja na tu davno i\u0161\u010dezlu utopiju.<\/span><\/p><p><span style=\"font-weight: 400;\">U vrijeme Saturnalija kr\u0161ena su pravila. Robovi su otvoreno govorili o svemu i slobodno se kretali, dok su bogati uslu\u017eivali siroma\u0161ne. Privilegovani su izvrgavani ruglu. Izgnanici su paradirali ulicama.<\/span><\/p><p><span style=\"font-weight: 400;\">Tako bi svake godine stanovnici_e gradova dru\u0161tveni poredak okretali naopa\u010dke. Ono \u0161to ina\u010de nije mogu\u0107e, \u0161to je nezamislivo, postalo bi pravilo. S tim u vezi postoji latinska izreka koja ka\u017ee: <\/span><i><span style=\"font-weight: 400;\">Semel in anno licet insanire<\/span><\/i><span style=\"font-weight: 400;\"> ili, jednom godi\u0161nje je dozvoljeno poludjeti.<\/span><\/p><p><span style=\"font-weight: 400;\">Karneval K2.0 nastavlja s tom tradicijom. Na\u0161 karneval obilje\u017eava doba godine kada se ljudi okupljaju kako bi preispitali norme, propitali svoju okolinu i nagnuli se prema svijetu koji je otvoreniji i slobodniji. A kao \u0161to se i nekada davno radilo na karnevalima, sve to \u010dinimo u zajedni\u0161tvu, pritom se dobro zabavljaju\u0107i.<\/span><\/p><p><span style=\"font-weight: 400;\">Me\u0111utim, Karneval K2.0 odstupa od tradicionalnih karnevala u tom smislu \u0161to zamisao nije da se tek na trenutak naru\u0161e sistemi ugnjetavanja koji \u0107e nakon proslave biti reuspostavljeni. Saturn je u krajnjoj liniji bio bog sjetve, bog sjemena. Karneval K2.0 postoji da bi se posijalo sjeme trajnog redefinisanja dru\u0161tvenog poretka.<\/span><\/p><p><span style=\"font-weight: 400;\">Na Karnevalu K2.0 svakog ljeta se okupljamo na javnim mjestima i hvatamo uko\u0161tac sa goru\u0107im problemima na\u0161eg vremena, i to da bismo zadali udarac ideji da svijet mora biti ovakav kakav jest. Ako to zna\u010di biti lud\/a, pa, dozvoljeno je poludjeti jednom godi\u0161nje, a na\u0161a du\u017enost je da takvi i ostanemo tokom cijele godine.<\/span><\/p>\t\t\t\t\t\t<\/div>\n\t\t\t\t<\/div>\n\t\t\t\t\t<\/div>\n\t\t<\/div>\n\t\t\t\t\t\t\t<\/div>\n\t\t<\/section>\n\t\t\t\t<section class=\"elementor-section elementor-top-section elementor-element elementor-element-3952e89 elementor-section-boxed elementor-section-height-default elementor-section-height-default\" data-id=\"3952e89\" data-element_type=\"section\">\n\t\t\t\t\t\t<div class=\"elementor-container elementor-column-gap-default\">\n\t\t\t\t\t<div class=\"elementor-column elementor-col-100 elementor-top-column elementor-element elementor-element-8a245bb\" data-id=\"8a245bb\" data-element_type=\"column\">\n\t\t\t<div class=\"elementor-widget-wrap elementor-element-populated\">\n\t\t\t\t\t\t\t\t<div class=\"elementor-element elementor-element-4808cbf elementor-widget elementor-widget-heading\" data-id=\"4808cbf\" data-element_type=\"widget\" data-widget_type=\"heading.default\">\n\t\t\t\t<div class=\"elementor-widget-container\">\n\t\t\t<h4 class=\"elementor-heading-title elementor-size-default\">Ranija izdanja:\n<\/h4>\t\t<\/div>\n\t\t\t\t<\/div>\n\t\t\t\t\t<\/div>\n\t\t<\/div>\n\t\t\t\t\t\t\t<\/div>\n\t\t<\/section>\n\t\t\t\t<section class=\"elementor-section elementor-top-section elementor-element elementor-element-03a5bbb elementor-section-boxed elementor-section-height-default elementor-section-height-default\" data-id=\"03a5bbb\" data-element_type=\"section\">\n\t\t\t\t\t\t<div class=\"elementor-container elementor-column-gap-default\">\n\t\t\t\t\t<div class=\"elementor-column elementor-col-33 elementor-top-column elementor-element elementor-element-1882b22\" data-id=\"1882b22\" data-element_type=\"column\">\n\t\t\t<div class=\"elementor-widget-wrap elementor-element-populated\">\n\t\t\t\t\t\t\t\t<div class=\"elementor-element elementor-element-53a4a84 elementor-align-center elementor-widget elementor-widget-button\" data-id=\"53a4a84\" data-element_type=\"widget\" data-widget_type=\"button.default\">\n\t\t\t\t<div class=\"elementor-widget-container\">\n\t\t\t\t\t<div class=\"elementor-button-wrapper\">\n\t\t\t<a class=\"elementor-button elementor-button-link elementor-size-md\" href=\"https:\/\/kosovotwopointzero.com\/wp-content\/uploads\/2024\/07\/Program-Hope-Media-Carnival-1.pdf\" target=\"_blank\">\n\t\t\t\t\t\t<span class=\"elementor-button-content-wrapper\">\n\t\t\t\t\t\t<span class=\"elementor-button-text\">2020 Karneval K2.0 . \u2014 NADA<\/span>\n\t\t<\/span>\n\t\t\t\t\t<\/a>\n\t\t<\/div>\n\t\t\t\t<\/div>\n\t\t\t\t<\/div>\n\t\t\t\t\t<\/div>\n\t\t<\/div>\n\t\t\t\t<div class=\"elementor-column elementor-col-33 elementor-top-column elementor-element elementor-element-8c3ae12\" data-id=\"8c3ae12\" data-element_type=\"column\">\n\t\t\t<div class=\"elementor-widget-wrap elementor-element-populated\">\n\t\t\t\t\t\t\t\t<div class=\"elementor-element elementor-element-7c16470 elementor-align-center elementor-widget elementor-widget-button\" data-id=\"7c16470\" data-element_type=\"widget\" data-widget_type=\"button.default\">\n\t\t\t\t<div class=\"elementor-widget-container\">\n\t\t\t\t\t<div class=\"elementor-button-wrapper\">\n\t\t\t<a class=\"elementor-button elementor-button-link elementor-size-md\" href=\"https:\/\/web.archive.org\/web\/20230127170608\/http:\/\/howslife.live\/\" target=\"_blank\">\n\t\t\t\t\t\t<span class=\"elementor-button-content-wrapper\">\n\t\t\t\t\t\t<span class=\"elementor-button-text\">2021 Karneval K2.0 . \u2014 \u017dIVOT<\/span>\n\t\t<\/span>\n\t\t\t\t\t<\/a>\n\t\t<\/div>\n\t\t\t\t<\/div>\n\t\t\t\t<\/div>\n\t\t\t\t\t<\/div>\n\t\t<\/div>\n\t\t\t\t<div class=\"elementor-column elementor-col-33 elementor-top-column elementor-element elementor-element-85dae6f\" data-id=\"85dae6f\" data-element_type=\"column\">\n\t\t\t<div class=\"elementor-widget-wrap elementor-element-populated\">\n\t\t\t\t\t\t\t\t<div class=\"elementor-element elementor-element-fcf80ca elementor-align-center elementor-widget elementor-widget-button\" data-id=\"fcf80ca\" data-element_type=\"widget\" data-widget_type=\"button.default\">\n\t\t\t\t<div class=\"elementor-widget-container\">\n\t\t\t\t\t<div class=\"elementor-button-wrapper\">\n\t\t\t<a class=\"elementor-button elementor-button-link elementor-size-md\" href=\"https:\/\/kosovotwopointzero.com\/sr\/znoj\/\" target=\"_blank\">\n\t\t\t\t\t\t<span class=\"elementor-button-content-wrapper\">\n\t\t\t\t\t\t<span class=\"elementor-button-text\">2022 Karneval K2.0 . \u2014 ZNOJ<\/span>\n\t\t<\/span>\n\t\t\t\t\t<\/a>\n\t\t<\/div>\n\t\t\t\t<\/div>\n\t\t\t\t<\/div>\n\t\t\t\t\t<\/div>\n\t\t<\/div>\n\t\t\t\t\t\t\t<\/div>\n\t\t<\/section>\n\t\t\t\t<section class=\"elementor-section elementor-top-section elementor-element elementor-element-eb891d7 elementor-section-boxed elementor-section-height-default elementor-section-height-default\" data-id=\"eb891d7\" data-element_type=\"section\">\n\t\t\t\t\t\t<div class=\"elementor-container elementor-column-gap-default\">\n\t\t\t\t\t<div class=\"elementor-column elementor-col-100 elementor-top-column elementor-element elementor-element-2c79256\" data-id=\"2c79256\" data-element_type=\"column\">\n\t\t\t<div class=\"elementor-widget-wrap elementor-element-populated\">\n\t\t\t\t\t\t\t\t<div class=\"elementor-element elementor-element-42b5c6b elementor-widget elementor-widget-spacer\" data-id=\"42b5c6b\" data-element_type=\"widget\" data-widget_type=\"spacer.default\">\n\t\t\t\t<div class=\"elementor-widget-container\">\n\t\t\t\t\t<div class=\"elementor-spacer\">\n\t\t\t<div class=\"elementor-spacer-inner\"><\/div>\n\t\t<\/div>\n\t\t\t\t<\/div>\n\t\t\t\t<\/div>\n\t\t\t\t\t<\/div>\n\t\t<\/div>\n\t\t\t\t\t\t\t<\/div>\n\t\t<\/section>\n\t\t\t\t\t\t\t<\/div>\n\t\t","protected":false},"excerpt":{"rendered":"<p>Ono doba godine kada\u2026 Kada spomenemo karneval, pomislimo na dre\u010dave kostime, bu\u010dne proslave i pretjerivanje. Pa\u017enja se mnogo rje\u0111e pridaje&#8230;<\/p>\n","protected":false},"author":260,"featured_media":78023,"parent":0,"menu_order":15,"comment_status":"closed","ping_status":"closed","template":"","meta":[],"_links":{"self":[{"href":"https:\/\/archive.kosovotwopointzero.com\/sr\/wp-json\/wp\/v2\/pages\/76202"}],"collection":[{"href":"https:\/\/archive.kosovotwopointzero.com\/sr\/wp-json\/wp\/v2\/pages"}],"about":[{"href":"https:\/\/archive.kosovotwopointzero.com\/sr\/wp-json\/wp\/v2\/types\/page"}],"author":[{"embeddable":true,"href":"https:\/\/archive.kosovotwopointzero.com\/sr\/wp-json\/wp\/v2\/users\/260"}],"replies":[{"embeddable":true,"href":"https:\/\/archive.kosovotwopointzero.com\/sr\/wp-json\/wp\/v2\/comments?post=76202"}],"version-history":[{"count":21,"href":"https:\/\/archive.kosovotwopointzero.com\/sr\/wp-json\/wp\/v2\/pages\/76202\/revisions"}],"predecessor-version":[{"id":116753,"href":"https:\/\/archive.kosovotwopointzero.com\/sr\/wp-json\/wp\/v2\/pages\/76202\/revisions\/116753"}],"wp:featuredmedia":[{"embeddable":true,"href":"https:\/\/archive.kosovotwopointzero.com\/sr\/wp-json\/wp\/v2\/media\/78023"}],"wp:attachment":[{"href":"https:\/\/archive.kosovotwopointzero.com\/sr\/wp-json\/wp\/v2\/media?parent=76202"}],"curies":[{"name":"wp","href":"https:\/\/api.w.org\/{rel}","templated":true}]}}