{"id":59617,"date":"2020-12-29T09:52:00","date_gmt":"2020-12-29T08:52:00","guid":{"rendered":"https:\/\/kosovotwopointzero.com\/monografije\/human-rights-third-edition\/"},"modified":"2023-02-13T14:23:17","modified_gmt":"2023-02-13T13:23:17","slug":"ljudska-prava-trece-izdanje","status":"publish","type":"page","link":"https:\/\/archive.kosovotwopointzero.com\/sr\/monografije\/ljudska-prava-trece-izdanje\/","title":{"rendered":"Ljudska Prava &#8211; Tre\u0107e izdanje"},"content":{"rendered":"<p>K2.0 predstavlja pri\u010de iz tre\u0107eg ciklusa Stipendija za novinarstvo u oblasti ljudskih prava. Intimnih i \u010desto emotivnih pri\u010da o kojima su ovogodi\u0161nji stipendisti izve\u0161tavali bacaju svetlo na okrutnu i naru\u0161enu realnost onih koji su poni\u017eeni, isklju\u010deni ili zlostavljani na Kosovu, a na osnovu rase, etni\u010dke pripadnosti, pola, invaliditeta, seksualne orijentacije i drugih stvari.<\/p>\n","protected":false},"excerpt":{"rendered":"<p>K2.0 predstavlja pri\u010de iz tre\u0107eg ciklusa Stipendija za novinarstvo u oblasti ljudskih prava. Intimnih i \u010desto emotivnih pri\u010da o kojima&#8230;<\/p>\n","protected":false},"author":588,"featured_media":51718,"parent":10803,"menu_order":46,"comment_status":"closed","ping_status":"closed","template":"page-category.php","meta":[],"_links":{"self":[{"href":"https:\/\/archive.kosovotwopointzero.com\/sr\/wp-json\/wp\/v2\/pages\/59617"}],"collection":[{"href":"https:\/\/archive.kosovotwopointzero.com\/sr\/wp-json\/wp\/v2\/pages"}],"about":[{"href":"https:\/\/archive.kosovotwopointzero.com\/sr\/wp-json\/wp\/v2\/types\/page"}],"author":[{"embeddable":true,"href":"https:\/\/archive.kosovotwopointzero.com\/sr\/wp-json\/wp\/v2\/users\/588"}],"replies":[{"embeddable":true,"href":"https:\/\/archive.kosovotwopointzero.com\/sr\/wp-json\/wp\/v2\/comments?post=59617"}],"version-history":[{"count":8,"href":"https:\/\/archive.kosovotwopointzero.com\/sr\/wp-json\/wp\/v2\/pages\/59617\/revisions"}],"predecessor-version":[{"id":86172,"href":"https:\/\/archive.kosovotwopointzero.com\/sr\/wp-json\/wp\/v2\/pages\/59617\/revisions\/86172"}],"up":[{"embeddable":true,"href":"https:\/\/archive.kosovotwopointzero.com\/sr\/wp-json\/wp\/v2\/pages\/10803"}],"wp:featuredmedia":[{"embeddable":true,"href":"https:\/\/archive.kosovotwopointzero.com\/sr\/wp-json\/wp\/v2\/media\/51718"}],"wp:attachment":[{"href":"https:\/\/archive.kosovotwopointzero.com\/sr\/wp-json\/wp\/v2\/media?parent=59617"}],"curies":[{"name":"wp","href":"https:\/\/api.w.org\/{rel}","templated":true}]}}