{"id":57449,"date":"2020-11-02T20:30:12","date_gmt":"2020-11-02T19:30:12","guid":{"rendered":"https:\/\/kosovotwopointzero.com\/?page_id=57449"},"modified":"2020-11-13T15:27:08","modified_gmt":"2020-11-13T14:27:08","slug":"ljudi-koji-nedostaju","status":"publish","type":"page","link":"https:\/\/archive.kosovotwopointzero.com\/sr\/monografije\/ljudi-koji-nedostaju\/","title":{"rendered":"Ljudi koji nedostaju"},"content":{"rendered":"<p>K2.0 istra\u017euje pri\u010de o nestalim i svakodnevnice onih koji su ostali iza njih. Od prisilnih nestanaka u pro\u0161lim ratovima i re\u017eimima, do onog \u0161to se de\u0161ava danas oko nas. Jer, kada zvani\u010dni podaci izostaju, ostaju pitanja i bol.<\/p>\n","protected":false},"excerpt":{"rendered":"<p>K2.0 istra\u017euje pri\u010de o nestalim i svakodnevnice onih koji su ostali iza njih. Od prisilnih nestanaka u pro\u0161lim ratovima i&#8230;<\/p>\n","protected":false},"author":588,"featured_media":57446,"parent":10803,"menu_order":18,"comment_status":"closed","ping_status":"closed","template":"page-category.php","meta":[],"_links":{"self":[{"href":"https:\/\/archive.kosovotwopointzero.com\/sr\/wp-json\/wp\/v2\/pages\/57449"}],"collection":[{"href":"https:\/\/archive.kosovotwopointzero.com\/sr\/wp-json\/wp\/v2\/pages"}],"about":[{"href":"https:\/\/archive.kosovotwopointzero.com\/sr\/wp-json\/wp\/v2\/types\/page"}],"author":[{"embeddable":true,"href":"https:\/\/archive.kosovotwopointzero.com\/sr\/wp-json\/wp\/v2\/users\/588"}],"replies":[{"embeddable":true,"href":"https:\/\/archive.kosovotwopointzero.com\/sr\/wp-json\/wp\/v2\/comments?post=57449"}],"version-history":[{"count":7,"href":"https:\/\/archive.kosovotwopointzero.com\/sr\/wp-json\/wp\/v2\/pages\/57449\/revisions"}],"predecessor-version":[{"id":57980,"href":"https:\/\/archive.kosovotwopointzero.com\/sr\/wp-json\/wp\/v2\/pages\/57449\/revisions\/57980"}],"up":[{"embeddable":true,"href":"https:\/\/archive.kosovotwopointzero.com\/sr\/wp-json\/wp\/v2\/pages\/10803"}],"wp:featuredmedia":[{"embeddable":true,"href":"https:\/\/archive.kosovotwopointzero.com\/sr\/wp-json\/wp\/v2\/media\/57446"}],"wp:attachment":[{"href":"https:\/\/archive.kosovotwopointzero.com\/sr\/wp-json\/wp\/v2\/media?parent=57449"}],"curies":[{"name":"wp","href":"https:\/\/api.w.org\/{rel}","templated":true}]}}