{"id":48814,"date":"2020-03-13T14:36:46","date_gmt":"2020-03-13T13:36:46","guid":{"rendered":"https:\/\/kosovotwopointzero.com\/monografije\/human-rights-2\/"},"modified":"2020-12-29T10:15:26","modified_gmt":"2020-12-29T09:15:26","slug":"ljudska-prava-2","status":"publish","type":"page","link":"https:\/\/archive.kosovotwopointzero.com\/sr\/monografije\/ljudska-prava-2\/","title":{"rendered":"Ljudska prava &#8211; Drugo izdanje"},"content":{"rendered":"<p>K2.0 vam predstavlja pri\u010de iz prvog ciklusa Stipendija za novinarstvo u oblasti ljudskih prava. Intimnih i \u010desto emotivnih pri\u010da o kojima su ovogodi\u0161nji stipendisti izve\u0161tavali bacaju svetlo na okrutnu i naru\u0161enu realnost onih koji su poni\u017eeni, isklju\u010deni ili zlostavljani na Kosovu, a na osnovu rase, etni\u010dke pripadnosti, pola, invaliditeta, seksualne orijentacije i drugih stvari.<\/p>\n","protected":false},"excerpt":{"rendered":"<p>K2.0 vam predstavlja pri\u010de iz prvog ciklusa Stipendija za novinarstvo u oblasti ljudskih prava. Intimnih i \u010desto emotivnih pri\u010da o&#8230;<\/p>\n","protected":false},"author":588,"featured_media":82976,"parent":10803,"menu_order":63,"comment_status":"closed","ping_status":"closed","template":"page-category.php","meta":[],"_links":{"self":[{"href":"https:\/\/archive.kosovotwopointzero.com\/sr\/wp-json\/wp\/v2\/pages\/48814"}],"collection":[{"href":"https:\/\/archive.kosovotwopointzero.com\/sr\/wp-json\/wp\/v2\/pages"}],"about":[{"href":"https:\/\/archive.kosovotwopointzero.com\/sr\/wp-json\/wp\/v2\/types\/page"}],"author":[{"embeddable":true,"href":"https:\/\/archive.kosovotwopointzero.com\/sr\/wp-json\/wp\/v2\/users\/588"}],"replies":[{"embeddable":true,"href":"https:\/\/archive.kosovotwopointzero.com\/sr\/wp-json\/wp\/v2\/comments?post=48814"}],"version-history":[{"count":8,"href":"https:\/\/archive.kosovotwopointzero.com\/sr\/wp-json\/wp\/v2\/pages\/48814\/revisions"}],"predecessor-version":[{"id":59629,"href":"https:\/\/archive.kosovotwopointzero.com\/sr\/wp-json\/wp\/v2\/pages\/48814\/revisions\/59629"}],"up":[{"embeddable":true,"href":"https:\/\/archive.kosovotwopointzero.com\/sr\/wp-json\/wp\/v2\/pages\/10803"}],"wp:featuredmedia":[{"embeddable":true,"href":"https:\/\/archive.kosovotwopointzero.com\/sr\/wp-json\/wp\/v2\/media\/82976"}],"wp:attachment":[{"href":"https:\/\/archive.kosovotwopointzero.com\/sr\/wp-json\/wp\/v2\/media?parent=48814"}],"curies":[{"name":"wp","href":"https:\/\/api.w.org\/{rel}","templated":true}]}}