{"id":44216,"date":"2019-10-31T16:00:02","date_gmt":"2019-10-31T15:00:02","guid":{"rendered":"https:\/\/kosovotwopointzero.com\/?page_id=44216"},"modified":"2019-11-05T15:01:25","modified_gmt":"2019-11-05T14:01:25","slug":"obrazovanje-za-zivot","status":"publish","type":"page","link":"https:\/\/archive.kosovotwopointzero.com\/sr\/monografije\/obrazovanje-za-zivot\/","title":{"rendered":"Obrazovanje za \u017eivot"},"content":{"rendered":"<p><span style=\"font-weight: 400;\">Obrazovanje je temelj svakog dru\u0161tva. Ipak, svodi li se sve na ocene? Da li je ono \u0161to u\u010dimo <\/span><span style=\"font-weight: 400;\">\u2014 i kako to u\u010dimo \u2014 jednako bitno? Da li je obrazovanje va\u017eno samo u u\u010dionici? Mo\u017eemo li da u\u010dimo, a da toga nismo ni svesni? Dosta se pri\u010da o lo\u0161im rezultatima kosovskog obrazovanja. Me\u0111utim, kakvo \u017eivotno obrazovanje dobijaju sami gra\u0111ani?<\/span><\/p>\n","protected":false},"excerpt":{"rendered":"<p>Obrazovanje je temelj svakog dru\u0161tva. Ipak, svodi li se sve na ocene? Da li je ono \u0161to u\u010dimo \u2014 i&#8230;<\/p>\n","protected":false},"author":588,"featured_media":44263,"parent":10803,"menu_order":108,"comment_status":"closed","ping_status":"closed","template":"page-category.php","meta":[],"_links":{"self":[{"href":"https:\/\/archive.kosovotwopointzero.com\/sr\/wp-json\/wp\/v2\/pages\/44216"}],"collection":[{"href":"https:\/\/archive.kosovotwopointzero.com\/sr\/wp-json\/wp\/v2\/pages"}],"about":[{"href":"https:\/\/archive.kosovotwopointzero.com\/sr\/wp-json\/wp\/v2\/types\/page"}],"author":[{"embeddable":true,"href":"https:\/\/archive.kosovotwopointzero.com\/sr\/wp-json\/wp\/v2\/users\/588"}],"replies":[{"embeddable":true,"href":"https:\/\/archive.kosovotwopointzero.com\/sr\/wp-json\/wp\/v2\/comments?post=44216"}],"version-history":[{"count":2,"href":"https:\/\/archive.kosovotwopointzero.com\/sr\/wp-json\/wp\/v2\/pages\/44216\/revisions"}],"predecessor-version":[{"id":44618,"href":"https:\/\/archive.kosovotwopointzero.com\/sr\/wp-json\/wp\/v2\/pages\/44216\/revisions\/44618"}],"up":[{"embeddable":true,"href":"https:\/\/archive.kosovotwopointzero.com\/sr\/wp-json\/wp\/v2\/pages\/10803"}],"wp:featuredmedia":[{"embeddable":true,"href":"https:\/\/archive.kosovotwopointzero.com\/sr\/wp-json\/wp\/v2\/media\/44263"}],"wp:attachment":[{"href":"https:\/\/archive.kosovotwopointzero.com\/sr\/wp-json\/wp\/v2\/media?parent=44216"}],"curies":[{"name":"wp","href":"https:\/\/api.w.org\/{rel}","templated":true}]}}