{"id":407,"date":"2016-02-18T12:01:57","date_gmt":"2016-02-18T12:01:57","guid":{"rendered":"http:\/\/kosovotwopointzero.com\/\/sr\/storja-e-k-rreth-nesh\/"},"modified":"2025-08-15T14:33:29","modified_gmt":"2025-08-15T12:33:29","slug":"o-nama","status":"publish","type":"page","link":"https:\/\/archive.kosovotwopointzero.com\/sr\/o-nama\/","title":{"rendered":"Ko smo mi"},"content":{"rendered":"\t\t<div data-elementor-type=\"wp-page\" data-elementor-id=\"407\" class=\"elementor elementor-407 elementor-73\" data-elementor-post-type=\"page\">\n\t\t\t\t\t\t\t\t\t<section class=\"elementor-section elementor-top-section elementor-element elementor-element-420d1bd elementor-hidden-tablet elementor-hidden-mobile elementor-section-boxed elementor-section-height-default elementor-section-height-default\" data-id=\"420d1bd\" data-element_type=\"section\">\n\t\t\t\t\t\t<div class=\"elementor-container elementor-column-gap-default\">\n\t\t\t\t\t<div class=\"elementor-column elementor-col-100 elementor-top-column elementor-element elementor-element-53cf37a\" data-id=\"53cf37a\" data-element_type=\"column\">\n\t\t\t<div class=\"elementor-widget-wrap elementor-element-populated\">\n\t\t\t\t\t\t\t\t<div class=\"elementor-element elementor-element-0d33443 elementor-widget elementor-widget-spacer\" data-id=\"0d33443\" data-element_type=\"widget\" data-widget_type=\"spacer.default\">\n\t\t\t\t<div class=\"elementor-widget-container\">\n\t\t\t\t\t<div class=\"elementor-spacer\">\n\t\t\t<div class=\"elementor-spacer-inner\"><\/div>\n\t\t<\/div>\n\t\t\t\t<\/div>\n\t\t\t\t<\/div>\n\t\t\t\t\t<\/div>\n\t\t<\/div>\n\t\t\t\t\t\t\t<\/div>\n\t\t<\/section>\n\t\t\t\t<section class=\"elementor-section elementor-top-section elementor-element elementor-element-2fb753a elementor-hidden-tablet elementor-hidden-mobile elementor-section-boxed elementor-section-height-default elementor-section-height-default\" data-id=\"2fb753a\" data-element_type=\"section\">\n\t\t\t\t\t\t<div class=\"elementor-container elementor-column-gap-default\">\n\t\t\t\t\t<div class=\"elementor-column elementor-col-100 elementor-top-column elementor-element elementor-element-f98b684\" data-id=\"f98b684\" data-element_type=\"column\">\n\t\t\t<div class=\"elementor-widget-wrap elementor-element-populated\">\n\t\t\t\t\t\t\t\t<div class=\"elementor-element elementor-element-9563328 elementor-widget elementor-widget-spacer\" data-id=\"9563328\" data-element_type=\"widget\" data-widget_type=\"spacer.default\">\n\t\t\t\t<div class=\"elementor-widget-container\">\n\t\t\t\t\t<div class=\"elementor-spacer\">\n\t\t\t<div class=\"elementor-spacer-inner\"><\/div>\n\t\t<\/div>\n\t\t\t\t<\/div>\n\t\t\t\t<\/div>\n\t\t\t\t\t<\/div>\n\t\t<\/div>\n\t\t\t\t\t\t\t<\/div>\n\t\t<\/section>\n\t\t\t\t<section class=\"elementor-section elementor-top-section elementor-element elementor-element-a330d7b elementor-hidden-tablet elementor-hidden-mobile elementor-section-boxed elementor-section-height-default elementor-section-height-default\" data-id=\"a330d7b\" data-element_type=\"section\">\n\t\t\t\t\t\t<div class=\"elementor-container elementor-column-gap-default\">\n\t\t\t\t\t<div class=\"elementor-column elementor-col-100 elementor-top-column elementor-element elementor-element-ce53b70\" data-id=\"ce53b70\" data-element_type=\"column\">\n\t\t\t<div class=\"elementor-widget-wrap elementor-element-populated\">\n\t\t\t\t\t\t\t\t<div class=\"elementor-element elementor-element-d669f37 elementor-widget__width-initial elementor-absolute elementor-widget elementor-widget-text-editor\" data-id=\"d669f37\" data-element_type=\"widget\" data-settings=\"{&quot;_position&quot;:&quot;absolute&quot;}\" data-widget_type=\"text-editor.default\">\n\t\t\t\t<div class=\"elementor-widget-container\">\n\t\t\t\t\t\t\t<p><span style=\"font-weight: 400;\">Kosovo 2.0 je osnovano kao nova vrsta novinarske platforme za Kosovo, region i prostor van njega \u2014 platforme koja odbacuje tabloidizaciju va\u017enih tema i problema. Fokusiramo se na eksplanatorno, kontekstualno i narativno novinarstvo, te se na\u0161e izve\u0161tavanje ne svodi na puko dokumentovanje sveta oko nas, ve\u0107 na njegovo preispitivanje.<\/span><\/p><p><span style=\"font-weight: 400;\">Osnovano 2010. godine kao prva kosovska blogerska platforma, K2.0 je pro\u0161irilo svoj spektar delovanja i etabliralo se kao kriti\u010dki i kredibilni novinarski glas u zemlji i inostranstvu. Kako su godine prolazile, K2.0 je kreiralo niz tematskih \u0161tampanih \u010dasopisa, nakon \u010dega je pre\u0161lo na model onlajn \u010dasopisa. Za to vreme, neprekidno smo organizovali raznolike javne doga\u0111aje i neformalne obrazovne inicijative koje smatramo su\u0161tinskim za ispunjenje na\u0161e novinarske misije u \u0161irem smislu.<\/span><\/p><p><span style=\"font-weight: 400;\">Ukratko:<\/span><\/p><ul id=\"bulletpoint\"><li style=\"font-weight: 400;\" aria-level=\"1\"><span style=\"font-weight: 400;\">Mi smo \u010dasopis usredsre\u0111en na eksplanatorno, kontekstualno i narativno novinarstvo.<\/span><\/li><li style=\"font-weight: 400;\" aria-level=\"1\"><span style=\"font-weight: 400;\">Oduvek smo nezavisni od politi\u010dkih stranaka i drugih oblika spoljnog uticaja.<\/span><\/li><li style=\"font-weight: 400;\" aria-level=\"1\"><span style=\"font-weight: 400;\">Radimo na o\u010duvanju ljudskih prava kroz programe u sferi uredni\u0161tva i dijaloga.<\/span><\/li><li style=\"font-weight: 400;\" aria-level=\"1\"><span style=\"font-weight: 400;\">Na\u0161 novinarski rad pru\u017ea podr\u0161ku javnim debatama od presudnog zna\u010daja u oblasti umetnosti i kulture.<\/span><\/li><li style=\"font-weight: 400;\" aria-level=\"1\"><span style=\"font-weight: 400;\">Organizujemo pregr\u0161t programa namenjenih javnosti, koji treba da nadahnu vo\u0111enje razgovora o progresivnom novinarstvu koje anga\u017euje celokupno dru\u0161tvo, kao i o medijima, ljudskim pravima i gra\u0111anskom aktivizmu.<\/span><\/li><li style=\"font-weight: 400;\" aria-level=\"1\"><span style=\"font-weight: 400;\">Odr\u017eavamo neformalne obrazovne programe da unapredimo ve\u0161tine kriti\u010dkog razmi\u0161ljanja kod ljudi i da popunimo praznine nastale u formalnom obrazovanju.<\/span><\/li><li style=\"font-weight: 400;\" aria-level=\"1\"><span style=\"font-weight: 400;\">Sara\u0111ujemo sa regionalnom mre\u017eom autora i objavljujemo tekstove koji pospe\u0161uju regionalnu saradnju.<\/span><\/li><li style=\"font-weight: 400;\" aria-level=\"1\"><span style=\"font-weight: 400;\">Sara\u0111ujemo sa drugim medijskim portalima i organizacijama na Kosovu i u regionu koji po\u0161tuju na\u0161e novinarske vrednosti i principe.<\/span><\/li><li style=\"font-weight: 400;\" aria-level=\"1\"><span style=\"font-weight: 400;\">Radimo na izgradnji hibridnog finansijskog modela koji po\u010diva na podr\u0161ci institucionalnih grantova i gra\u0111ana kako bismo dugoro\u010dno ostali nezavisni.<\/span><\/li><li style=\"font-weight: 400;\" aria-level=\"1\"><span style=\"font-weight: 400;\">Prelazimo granice Kosova i regiona da bismo anga\u017eovali publiku iz dijaspore \u2013 gde god da \u017eivi.<\/span><\/li><li style=\"font-weight: 400;\" aria-level=\"1\"><span style=\"font-weight: 400;\">Na\u0161 rad publikujemo na tri jezika: albanskom, bosanskom\/hrvatskom\/srpskom i engleskom.<\/span><\/li><\/ul><p><span style=\"font-weight: 400;\">Na\u0161a <\/span><b>vizija<\/b><span style=\"font-weight: 400;\"> govori o dru\u0161tvu koje razume, preispituje i iznova tuma\u010di svet oko sebe. Zato je na\u0161a <\/span><b>misija<\/b><span style=\"font-weight: 400;\"> da stvaramo upe\u010datljivo, beskompromisno novinarstvo koje na\u010duli u\u0161i kada ljudi pri\u010daju o svojim iskustvima, razla\u017ee slo\u017eene teme, pru\u017ea kontekst i podsti\u010de ljude na razgovor.\u00a0<\/span><\/p><p><span style=\"font-weight: 400;\">Da bi to postigao, na\u0161 tim primenjuje principe kojima se rukovodimo u radu.<\/span><\/p><ul id=\"bulletpoint\"><li style=\"font-weight: 400;\" aria-level=\"1\"><span style=\"font-weight: 400;\">Na\u0161e novinarstvo dobija neophodne informacije tako \u0161to pa\u017eljivo slu\u0161a ljudske do\u017eivljaje.<\/span><\/li><li style=\"font-weight: 400;\" aria-level=\"1\"><span style=\"font-weight: 400;\">Na\u0161e novinarstvo po\u010diva na socijalnoj pravdi, nadama i svakodnevnoj borbi naroda.<\/span><\/li><li style=\"font-weight: 400;\" aria-level=\"1\"><span style=\"font-weight: 400;\">Na\u0161e novinarstvo je vo\u0111eno solidarno\u0161\u0107u; cilj nam je da kreiramo prostor za dijalog, saose\u0107anje i bolje razumevanje.<\/span><\/li><li style=\"font-weight: 400;\" aria-level=\"1\"><span style=\"font-weight: 400;\">Na\u0161e novinarstvo je vo\u0111eno principom pru\u017eanja konteksta za svaku pri\u010du i vest, pa tako nismo brzopleti kada je re\u010d o obrazlaganju problematike.<\/span><\/li><li style=\"font-weight: 400;\" aria-level=\"1\"><span style=\"font-weight: 400;\">Na\u0161e novinarstvo po\u010diva na profesionalnom radu; ne pravimo kompromis kada je u pitanju kvalitet i uvek \u0107emo biti nezavisni, kriti\u010dki opredeljeni i fer u na\u0161em rasu\u0111ivanju.<\/span><\/li><li style=\"font-weight: 400;\" aria-level=\"1\"><span style=\"font-weight: 400;\">Nismo zainteresovani za pri\u010de iz mejnstrima. Uporno obra\u0111ujemo teme koje smatramo bitnim, bez obzira na to da li su trenutno aktuelne ili nisu.<\/span><\/li><li style=\"font-weight: 400;\" aria-level=\"1\"><span style=\"font-weight: 400;\">Stvarala\u0161tvo i kreativnost daju potporu na\u0161em radu; cenimo estetiku, inovacije i eksperimentisanje u novinarstvu.\u00a0<\/span><\/li><li style=\"font-weight: 400;\" aria-level=\"1\"><span style=\"font-weight: 400;\">Intenzivno i uporno unapre\u0111ujemo kvalitet na\u0161eg rada i uvek se na njega osvr\u0107emo uz veliku dozu samokritike.<\/span><\/li><\/ul><p>\u00a0<\/p><h4><b>\u0160tampani \u010dasopis K2.0<\/b><\/h4><p><span style=\"font-weight: 400;\">Ro\u0111ena 2011, kada su \u0161tampani mediji svuda u svetu bili u opadanju, kolekcija \u0161tampanih \u010dasopisa K2.0 nastala je tek godinu dana od nastanka na\u0161e organizacije. Sada, du\u017ee od jedne decenije kasnije, imamo izdanja na teme kao \u0161to su migracije, seks i javni prostor.<\/span><\/p><p><span style=\"font-weight: 400;\">Posetite na\u0161 odsek <\/span><a id=\"underline-link-black\" href=\"https:\/\/kosovotwopointzero.com\/sr\/casopis\/\" target=\"_blank\"><span style=\"font-weight: 400;\">\u010casopis<\/span><\/a><span style=\"font-weight: 400;\"> da saznate vi\u0161e o na\u0161im izdanjima i da kupite na\u0161u kolekciju sastavljenu od 11 izdanja ili pak pojedina\u010dne primerke (ve\u0107inu imamo na lageru!).<\/span><\/p>\t\t\t\t\t\t<\/div>\n\t\t\t\t<\/div>\n\t\t\t\t\t<\/div>\n\t\t<\/div>\n\t\t\t\t\t\t\t<\/div>\n\t\t<\/section>\n\t\t\t\t<section class=\"elementor-section elementor-top-section elementor-element elementor-element-bed7368 elementor-hidden-tablet elementor-hidden-mobile elementor-section-boxed elementor-section-height-default elementor-section-height-default\" data-id=\"bed7368\" data-element_type=\"section\">\n\t\t\t\t\t\t<div class=\"elementor-container elementor-column-gap-default\">\n\t\t\t\t\t<div class=\"elementor-column elementor-col-100 elementor-top-column elementor-element elementor-element-4a791bb\" data-id=\"4a791bb\" data-element_type=\"column\">\n\t\t\t<div class=\"elementor-widget-wrap elementor-element-populated\">\n\t\t\t\t\t\t\t\t<div class=\"elementor-element elementor-element-1fc377d elementor-widget elementor-widget-spacer\" data-id=\"1fc377d\" data-element_type=\"widget\" data-widget_type=\"spacer.default\">\n\t\t\t\t<div class=\"elementor-widget-container\">\n\t\t\t\t\t<div class=\"elementor-spacer\">\n\t\t\t<div class=\"elementor-spacer-inner\"><\/div>\n\t\t<\/div>\n\t\t\t\t<\/div>\n\t\t\t\t<\/div>\n\t\t\t\t\t<\/div>\n\t\t<\/div>\n\t\t\t\t\t\t\t<\/div>\n\t\t<\/section>\n\t\t\t\t<section class=\"elementor-section elementor-top-section elementor-element elementor-element-3568c15 elementor-section-boxed elementor-section-height-default elementor-section-height-default\" data-id=\"3568c15\" data-element_type=\"section\">\n\t\t\t\t\t\t<div class=\"elementor-container elementor-column-gap-default\">\n\t\t\t\t\t<div class=\"elementor-column elementor-col-100 elementor-top-column elementor-element elementor-element-d58a10c\" data-id=\"d58a10c\" data-element_type=\"column\">\n\t\t\t<div class=\"elementor-widget-wrap elementor-element-populated\">\n\t\t\t\t\t\t\t\t<div class=\"elementor-element elementor-element-2421258 elementor-hidden-desktop elementor-widget elementor-widget-text-editor\" data-id=\"2421258\" data-element_type=\"widget\" data-widget_type=\"text-editor.default\">\n\t\t\t\t<div class=\"elementor-widget-container\">\n\t\t\t\t\t\t\t<p><span style=\"font-weight: 400;\">Kosovo 2.0 je osnovano kao nova vrsta novinarske platforme za Kosovo, region i prostor van njega \u2014 platforme koja odbacuje tabloidizaciju va\u017enih tema i problema. Fokusiramo se na eksplanatorno, kontekstualno i narativno novinarstvo, te se na\u0161e izve\u0161tavanje ne svodi na puko dokumentovanje sveta oko nas, ve\u0107 na njegovo preispitivanje.<\/span><\/p><p><span style=\"font-weight: 400;\">Osnovano 2010. godine kao prva kosovska blogerska platforma, K2.0 je pro\u0161irilo svoj spektar delovanja i etabliralo se kao kriti\u010dki i kredibilni novinarski glas u zemlji i inostranstvu. Kako su godine prolazile, K2.0 je kreiralo niz tematskih \u0161tampanih \u010dasopisa, nakon \u010dega je pre\u0161lo na model onlajn \u010dasopisa. Za to vreme, neprekidno smo organizovali raznolike javne doga\u0111aje i neformalne obrazovne inicijative koje smatramo su\u0161tinskim za ispunjenje na\u0161e novinarske misije u \u0161irem smislu.<\/span><\/p><p><span style=\"font-weight: 400;\">Ukratko:<\/span><\/p><ul id=\"bulletpoint\"><li style=\"font-weight: 400;\" aria-level=\"1\"><span style=\"font-weight: 400;\">Mi smo \u010dasopis usredsre\u0111en na eksplanatorno, kontekstualno i narativno novinarstvo.<\/span><\/li><li style=\"font-weight: 400;\" aria-level=\"1\"><span style=\"font-weight: 400;\">Oduvek smo nezavisni od politi\u010dkih stranaka i drugih oblika spoljnog uticaja.<\/span><\/li><li style=\"font-weight: 400;\" aria-level=\"1\"><span style=\"font-weight: 400;\">Radimo na o\u010duvanju ljudskih prava kroz programe u sferi uredni\u0161tva i dijaloga.<\/span><\/li><li style=\"font-weight: 400;\" aria-level=\"1\"><span style=\"font-weight: 400;\">Na\u0161 novinarski rad pru\u017ea podr\u0161ku javnim debatama od presudnog zna\u010daja u oblasti umetnosti i kulture.<\/span><\/li><li style=\"font-weight: 400;\" aria-level=\"1\"><span style=\"font-weight: 400;\">Organizujemo pregr\u0161t programa namenjenih javnosti, koji treba da nadahnu vo\u0111enje razgovora o progresivnom novinarstvu koje anga\u017euje celokupno dru\u0161tvo, kao i o medijima, ljudskim pravima i gra\u0111anskom aktivizmu.<\/span><\/li><li style=\"font-weight: 400;\" aria-level=\"1\"><span style=\"font-weight: 400;\">Odr\u017eavamo neformalne obrazovne programe da unapredimo ve\u0161tine kriti\u010dkog razmi\u0161ljanja kod ljudi i da popunimo praznine nastale u formalnom obrazovanju.<\/span><\/li><li style=\"font-weight: 400;\" aria-level=\"1\"><span style=\"font-weight: 400;\">Sara\u0111ujemo sa regionalnom mre\u017eom autora i objavljujemo tekstove koji pospe\u0161uju regionalnu saradnju.<\/span><\/li><li style=\"font-weight: 400;\" aria-level=\"1\"><span style=\"font-weight: 400;\">Sara\u0111ujemo sa drugim medijskim portalima i organizacijama na Kosovu i u regionu koji po\u0161tuju na\u0161e novinarske vrednosti i principe.<\/span><\/li><li style=\"font-weight: 400;\" aria-level=\"1\"><span style=\"font-weight: 400;\">Radimo na izgradnji hibridnog finansijskog modela koji po\u010diva na podr\u0161ci institucionalnih grantova i gra\u0111ana kako bismo dugoro\u010dno ostali nezavisni.<\/span><\/li><li style=\"font-weight: 400;\" aria-level=\"1\"><span style=\"font-weight: 400;\">Prelazimo granice Kosova i regiona da bismo anga\u017eovali publiku iz dijaspore \u2013 gde god da \u017eivi.<\/span><\/li><li style=\"font-weight: 400;\" aria-level=\"1\"><span style=\"font-weight: 400;\">Na\u0161 rad publikujemo na tri jezika: albanskom, bosanskom\/hrvatskom\/srpskom i engleskom.<\/span><\/li><\/ul><p><span style=\"font-weight: 400;\">Na\u0161a <\/span><b>vizija<\/b><span style=\"font-weight: 400;\"> govori o dru\u0161tvu koje razume, preispituje i iznova tuma\u010di svet oko sebe. Zato je na\u0161a <\/span><b>misija<\/b><span style=\"font-weight: 400;\"> da stvaramo upe\u010datljivo, beskompromisno novinarstvo koje na\u010duli u\u0161i kada ljudi pri\u010daju o svojim iskustvima, razla\u017ee slo\u017eene teme, pru\u017ea kontekst i podsti\u010de ljude na razgovor.\u00a0<\/span><\/p><p><span style=\"font-weight: 400;\">Da bi to postigao, na\u0161 tim primenjuje principe kojima se rukovodimo u radu.<\/span><\/p><ul id=\"bulletpoint\"><li style=\"font-weight: 400;\" aria-level=\"1\"><span style=\"font-weight: 400;\">Na\u0161e novinarstvo dobija neophodne informacije tako \u0161to pa\u017eljivo slu\u0161a ljudske do\u017eivljaje.<\/span><\/li><li style=\"font-weight: 400;\" aria-level=\"1\"><span style=\"font-weight: 400;\">Na\u0161e novinarstvo po\u010diva na socijalnoj pravdi, nadama i svakodnevnoj borbi naroda.<\/span><\/li><li style=\"font-weight: 400;\" aria-level=\"1\"><span style=\"font-weight: 400;\">Na\u0161e novinarstvo je vo\u0111eno solidarno\u0161\u0107u; cilj nam je da kreiramo prostor za dijalog, saose\u0107anje i bolje razumevanje.<\/span><\/li><li style=\"font-weight: 400;\" aria-level=\"1\"><span style=\"font-weight: 400;\">Na\u0161e novinarstvo je vo\u0111eno principom pru\u017eanja konteksta za svaku pri\u010du i vest, pa tako nismo brzopleti kada je re\u010d o obrazlaganju problematike.<\/span><\/li><li style=\"font-weight: 400;\" aria-level=\"1\"><span style=\"font-weight: 400;\">Na\u0161e novinarstvo po\u010diva na profesionalnom radu; ne pravimo kompromis kada je u pitanju kvalitet i uvek \u0107emo biti nezavisni, kriti\u010dki opredeljeni i fer u na\u0161em rasu\u0111ivanju.<\/span><\/li><li style=\"font-weight: 400;\" aria-level=\"1\"><span style=\"font-weight: 400;\">Nismo zainteresovani za pri\u010de iz mejnstrima. Uporno obra\u0111ujemo teme koje smatramo bitnim, bez obzira na to da li su trenutno aktuelne ili nisu.<\/span><\/li><li style=\"font-weight: 400;\" aria-level=\"1\"><span style=\"font-weight: 400;\">Stvarala\u0161tvo i kreativnost daju potporu na\u0161em radu; cenimo estetiku, inovacije i eksperimentisanje u novinarstvu.\u00a0<\/span><\/li><li style=\"font-weight: 400;\" aria-level=\"1\"><span style=\"font-weight: 400;\">Intenzivno i uporno unapre\u0111ujemo kvalitet na\u0161eg rada i uvek se na njega osvr\u0107emo uz veliku dozu samokritike.<\/span><\/li><\/ul><p><b>\u0160tampani \u010dasopis K2.0<\/b><\/p><p><span style=\"font-weight: 400;\">Ro\u0111ena 2011, kada su \u0161tampani mediji svuda u svetu bili u opadanju, kolekcija \u0161tampanih \u010dasopisa K2.0 nastala je tek godinu dana od nastanka na\u0161e organizacije. Sada, du\u017ee od jedne decenije kasnije, imamo izdanja na teme kao \u0161to su migracije, seks i javni prostor.<\/span><span style=\"font-weight: 400;\">Posetite na\u0161 odsek <\/span><a href=\"https:\/\/kosovotwopointzero.com\/sr\/casopis\/\" target=\"_blank\"><span style=\"font-weight: 400;\">\u010casopis<\/span><\/a><span style=\"font-weight: 400;\"> da saznate vi\u0161e o na\u0161im izdanjima i da kupite na\u0161u kolekciju sastavljenu od 11 izdanja ili pak pojedina\u010dne primerke (ve\u0107inu imamo na lageru!).<\/span><\/p>\t\t\t\t\t\t<\/div>\n\t\t\t\t<\/div>\n\t\t\t\t\t<\/div>\n\t\t<\/div>\n\t\t\t\t\t\t\t<\/div>\n\t\t<\/section>\n\t\t\t\t\t\t\t<\/div>\n\t\t","protected":false},"excerpt":{"rendered":"<p>Kosovo 2.0 je osnovano kao nova vrsta novinarske platforme za Kosovo, region i prostor van njega \u2014 platforme koja odbacuje&#8230;<\/p>\n","protected":false},"author":260,"featured_media":5653,"parent":0,"menu_order":118,"comment_status":"closed","ping_status":"closed","template":"page-about.php","meta":[],"_links":{"self":[{"href":"https:\/\/archive.kosovotwopointzero.com\/sr\/wp-json\/wp\/v2\/pages\/407"}],"collection":[{"href":"https:\/\/archive.kosovotwopointzero.com\/sr\/wp-json\/wp\/v2\/pages"}],"about":[{"href":"https:\/\/archive.kosovotwopointzero.com\/sr\/wp-json\/wp\/v2\/types\/page"}],"author":[{"embeddable":true,"href":"https:\/\/archive.kosovotwopointzero.com\/sr\/wp-json\/wp\/v2\/users\/260"}],"replies":[{"embeddable":true,"href":"https:\/\/archive.kosovotwopointzero.com\/sr\/wp-json\/wp\/v2\/comments?post=407"}],"version-history":[{"count":206,"href":"https:\/\/archive.kosovotwopointzero.com\/sr\/wp-json\/wp\/v2\/pages\/407\/revisions"}],"predecessor-version":[{"id":121016,"href":"https:\/\/archive.kosovotwopointzero.com\/sr\/wp-json\/wp\/v2\/pages\/407\/revisions\/121016"}],"wp:featuredmedia":[{"embeddable":true,"href":"https:\/\/archive.kosovotwopointzero.com\/sr\/wp-json\/wp\/v2\/media\/5653"}],"wp:attachment":[{"href":"https:\/\/archive.kosovotwopointzero.com\/sr\/wp-json\/wp\/v2\/media?parent=407"}],"curies":[{"name":"wp","href":"https:\/\/api.w.org\/{rel}","templated":true}]}}