{"id":37440,"date":"2019-06-02T09:55:13","date_gmt":"2019-06-02T07:55:13","guid":{"rendered":"https:\/\/kosovotwopointzero.com\/?page_id=37440"},"modified":"2019-06-03T11:19:25","modified_gmt":"2019-06-03T09:19:25","slug":"kultivacija","status":"publish","type":"page","link":"https:\/\/archive.kosovotwopointzero.com\/sr\/monografije\/kultivacija\/","title":{"rendered":"Kultivacija"},"content":{"rendered":"<p><span style=\"font-weight: 400;\">Muzika, jezik, filmovi, naslije\u0111e\u2026 \u0160ta nam svaki od ovih izraza govori o na\u0161oj kulturi uop\u0107e? Koje narative kulturno izra\u017eavanje odra\u017eava i stvara? U kakvim uslovima je mogu\u0107e, odnosno nemogu\u0107e, baviti se stvarala\u010dkim radom? U \u201cKultivaciji\u201d govorimo o kulturi koja se pro\u0161irila na mase, te ujedno istra\u017eujemo kakav je to ambijent idealan za proces njenog unapre\u0111enja.<\/span><\/p>\n","protected":false},"excerpt":{"rendered":"<p>Muzika, jezik, filmovi, naslije\u0111e\u2026 \u0160ta nam svaki od ovih izraza govori o na\u0161oj kulturi uop\u0107e? Koje narative kulturno izra\u017eavanje odra\u017eava&#8230;<\/p>\n","protected":false},"author":499,"featured_media":38100,"parent":10803,"menu_order":89,"comment_status":"closed","ping_status":"closed","template":"page-category.php","meta":[],"_links":{"self":[{"href":"https:\/\/archive.kosovotwopointzero.com\/sr\/wp-json\/wp\/v2\/pages\/37440"}],"collection":[{"href":"https:\/\/archive.kosovotwopointzero.com\/sr\/wp-json\/wp\/v2\/pages"}],"about":[{"href":"https:\/\/archive.kosovotwopointzero.com\/sr\/wp-json\/wp\/v2\/types\/page"}],"author":[{"embeddable":true,"href":"https:\/\/archive.kosovotwopointzero.com\/sr\/wp-json\/wp\/v2\/users\/499"}],"replies":[{"embeddable":true,"href":"https:\/\/archive.kosovotwopointzero.com\/sr\/wp-json\/wp\/v2\/comments?post=37440"}],"version-history":[{"count":5,"href":"https:\/\/archive.kosovotwopointzero.com\/sr\/wp-json\/wp\/v2\/pages\/37440\/revisions"}],"predecessor-version":[{"id":38230,"href":"https:\/\/archive.kosovotwopointzero.com\/sr\/wp-json\/wp\/v2\/pages\/37440\/revisions\/38230"}],"up":[{"embeddable":true,"href":"https:\/\/archive.kosovotwopointzero.com\/sr\/wp-json\/wp\/v2\/pages\/10803"}],"wp:featuredmedia":[{"embeddable":true,"href":"https:\/\/archive.kosovotwopointzero.com\/sr\/wp-json\/wp\/v2\/media\/38100"}],"wp:attachment":[{"href":"https:\/\/archive.kosovotwopointzero.com\/sr\/wp-json\/wp\/v2\/media?parent=37440"}],"curies":[{"name":"wp","href":"https:\/\/api.w.org\/{rel}","templated":true}]}}