{"id":32644,"date":"2018-12-10T17:52:15","date_gmt":"2018-12-10T16:52:15","guid":{"rendered":"https:\/\/kosovotwopointzero.com\/monografije\/human-rights\/"},"modified":"2023-02-13T14:23:55","modified_gmt":"2023-02-13T13:23:55","slug":"human-rights","status":"publish","type":"page","link":"https:\/\/archive.kosovotwopointzero.com\/sr\/monografije\/human-rights\/","title":{"rendered":"Ljudska prava &#8211; Prvo izdanje"},"content":{"rendered":"<p>K2.0 vam predstavlja pri\u010de iz prvog ciklusa Stipendija za novinarstvo u oblasti ljudskih prava. Osam intimnih i \u010desto emotivnih pri\u010da o kojima su ovogodi\u0161nji stipendisti izve\u0161tavali bacaju svetlo na okrutnu i naru\u0161enu realnost onih koji su poni\u017eeni, isklju\u010deni ili zlostavljani na Kosovu, a na osnovu rase, etni\u010dke pripadnosti, pola, invaliditeta, seksualne orijentacije i drugih stvari.<\/p>\n","protected":false},"excerpt":{"rendered":"<p>K2.0 vam predstavlja pri\u010de iz prvog ciklusa Stipendija za novinarstvo u oblasti ljudskih prava. Osam intimnih i \u010desto emotivnih pri\u010da&#8230;<\/p>\n","protected":false},"author":3,"featured_media":31230,"parent":10803,"menu_order":60,"comment_status":"closed","ping_status":"closed","template":"page-category.php","meta":[],"_links":{"self":[{"href":"https:\/\/archive.kosovotwopointzero.com\/sr\/wp-json\/wp\/v2\/pages\/32644"}],"collection":[{"href":"https:\/\/archive.kosovotwopointzero.com\/sr\/wp-json\/wp\/v2\/pages"}],"about":[{"href":"https:\/\/archive.kosovotwopointzero.com\/sr\/wp-json\/wp\/v2\/types\/page"}],"author":[{"embeddable":true,"href":"https:\/\/archive.kosovotwopointzero.com\/sr\/wp-json\/wp\/v2\/users\/3"}],"replies":[{"embeddable":true,"href":"https:\/\/archive.kosovotwopointzero.com\/sr\/wp-json\/wp\/v2\/comments?post=32644"}],"version-history":[{"count":4,"href":"https:\/\/archive.kosovotwopointzero.com\/sr\/wp-json\/wp\/v2\/pages\/32644\/revisions"}],"predecessor-version":[{"id":86174,"href":"https:\/\/archive.kosovotwopointzero.com\/sr\/wp-json\/wp\/v2\/pages\/32644\/revisions\/86174"}],"up":[{"embeddable":true,"href":"https:\/\/archive.kosovotwopointzero.com\/sr\/wp-json\/wp\/v2\/pages\/10803"}],"wp:featuredmedia":[{"embeddable":true,"href":"https:\/\/archive.kosovotwopointzero.com\/sr\/wp-json\/wp\/v2\/media\/31230"}],"wp:attachment":[{"href":"https:\/\/archive.kosovotwopointzero.com\/sr\/wp-json\/wp\/v2\/media?parent=32644"}],"curies":[{"name":"wp","href":"https:\/\/api.w.org\/{rel}","templated":true}]}}