{"id":31879,"date":"2018-12-19T13:26:52","date_gmt":"2018-12-19T12:26:52","guid":{"rendered":"https:\/\/kosovotwopointzero.com\/?page_id=31879"},"modified":"2019-01-25T10:04:47","modified_gmt":"2019-01-25T09:04:47","slug":"podcasts","status":"publish","type":"page","link":"https:\/\/archive.kosovotwopointzero.com\/sr\/podcasts\/","title":{"rendered":"K2.0 PODCASTS"},"content":{"rendered":"<h4 style=\"text-align: center;\"><b>THYERJA E HESHTJES, TRANSFORMIMI I ZHURM\u00cbS<\/b><\/h4>\n<p>&nbsp;<\/p>\n<p><span style=\"font-weight: 400;\">Mir\u00ebsevini n\u00eb K2.0 <\/span><span style=\"font-weight: 400;\">Podcasts! <\/span><\/p>\n<p><span style=\"font-weight: 400;\">N\u00eb K2.0, jemi n\u00eb disponim p\u00ebr t\u00eb eksperimentuar dhe k\u00ebt\u00eb po e b\u00ebjm\u00eb me lansimin e podcast-eve. N\u00ebp\u00ebrmjet k\u00ebtij formati t\u00eb ri, do t\u2019u sjellim m\u00eb af\u00ebr storjeve e mbi t\u00eb gjitha do ta eksplorojm\u00eb nj\u00eb medium t\u00eb mbushur me mund\u00ebsi p\u00ebr t\u00eb reflektuar. N\u00eb nj\u00eb koh\u00eb kur ka shum\u00eb zhurm\u00eb, me K2.0 podcasts ju mund t\u00eb zgjedhni se kur dhe \u00e7far\u00eb d\u00ebshironi t\u00eb d\u00ebgjoni!<\/span><\/p>\n<p><span style=\"font-weight: 400;\">P\u00ebr t\u2019i p\u00ebrcjellur rregullisht dhe n\u00eb m\u00ebnyr\u00ebn m\u00eb t\u00eb mir\u00eb K2.0 Podcasts, thjesht\u00eb ndiqni kanalin ton\u00eb, Kosovo 2.0, n\u00eb cilindo prej aplikacioneve t\u00eb preferuara p\u00ebr podkaste &#8211; \u00ebsht\u00eb krejt\u00ebsisht pa pages\u00eb. Mund t\u00eb na gjeni n\u00eb shumic\u00ebn e aplikacioneve p\u00ebr paisje IOS dhe Android, p\u00ebrfshir\u00eb k\u00ebtu <\/span><a href=\"https:\/\/itunes.apple.com\/us\/app\/apple-podcasts\/id525463029?mt=8\" target=\"_blank\"><span style=\"font-weight: 400;\">Apple Podcasts<\/span><\/a><span style=\"font-weight: 400;\">, <\/span><a href=\"https:\/\/play.google.com\/store\/apps\/details?id=com.google.android.apps.podcasts&amp;hl=en\" target=\"_blank\"><span style=\"font-weight: 400;\">Google Podcasts<\/span><\/a><span style=\"font-weight: 400;\"> etj. Duke e ndjekur kanalin ton\u00eb p\u00ebr podcasts, Kosovo 2.0, apo drejtp\u00ebrdrejt\u00eb n\u00eb emisionet tona, Outloud dhe Konteksti, do t\u00eb informoheni sa her\u00eb q\u00eb e lansojm\u00eb nj\u00eb episod\u00eb t\u00eb re.<\/span><\/p>\n<p><span style=\"font-weight: 400;\">N\u00ebp\u00ebrmjet aplikacioneve t\u00eb juaja, mund t\u2019i d\u00ebgjoni podcast-et tona gjat\u00eb koh\u00ebs kur jeni online, apo mund t\u2019i shkarkoni n\u00eb telefon dhe t\u2019i d\u00ebgjoni kur t\u00eb keni d\u00ebshir\u00eb edhe kur jeni offline.<\/span><\/p>\n<p><span style=\"font-weight: 400;\">Bashkohuni me ne n\u00eb k\u00ebt\u00eb udh\u00ebtim t\u00eb tregimeve personale dhe rr\u00ebfimeve, ideve q\u00eb sfidojn\u00eb dhe na ndihmojn\u00eb t\u2019i kuptojm\u00eb rr\u00ebfenjat rreth nesh dhe bisedave q\u00eb e thyejn\u00eb heshtjen.<\/span><\/p>\n<p>&nbsp;<\/p>\n<p><a href=\"https:\/\/kosovotwopointzero.com\/wp-content\/uploads\/2018\/12\/Soundcloud-Profile-Pic-2000x2000-6.png\" target=\"_blank\"><img loading=\"lazy\" class=\"size-medium wp-image-31951 aligncenter\" src=\"https:\/\/kosovotwopointzero.com\/wp-content\/uploads\/2018\/12\/Soundcloud-Profile-Pic-2000x2000-6-300x300.png\" alt=\"\" width=\"300\" height=\"300\" srcset=\"https:\/\/archive.kosovotwopointzero.com\/wp-content\/uploads\/2018\/12\/Soundcloud-Profile-Pic-2000x2000-6-300x300.png 300w, https:\/\/archive.kosovotwopointzero.com\/wp-content\/uploads\/2018\/12\/Soundcloud-Profile-Pic-2000x2000-6-150x150.png 150w, https:\/\/archive.kosovotwopointzero.com\/wp-content\/uploads\/2018\/12\/Soundcloud-Profile-Pic-2000x2000-6-768x768.png 768w, https:\/\/archive.kosovotwopointzero.com\/wp-content\/uploads\/2018\/12\/Soundcloud-Profile-Pic-2000x2000-6-1024x1024.png 1024w, https:\/\/archive.kosovotwopointzero.com\/wp-content\/uploads\/2018\/12\/Soundcloud-Profile-Pic-2000x2000-6-326x326.png 326w, https:\/\/archive.kosovotwopointzero.com\/wp-content\/uploads\/2018\/12\/Soundcloud-Profile-Pic-2000x2000-6-115x115.png 115w, https:\/\/archive.kosovotwopointzero.com\/wp-content\/uploads\/2018\/12\/Soundcloud-Profile-Pic-2000x2000-6.png 2000w\" sizes=\"(max-width: 300px) 100vw, 300px\" \/><\/a><\/p>\n<p style=\"text-align: center;\"><b>Outloud <i><span style=\"font-weight: 400;\"><strong>\u2014 <\/strong><\/span><\/i><\/b><strong>Autor\u00ebt e K2.0 lexojn\u00eb p\u00ebr ju.<\/strong><\/p>\n<p><i><span style=\"font-weight: 400;\">Ka shkrime t\u00eb fuqishme, q\u00eb thjesht\u00eb jan\u00eb m\u00eb t\u00eb fuqishme kur vijn\u00eb nga zemra. Ne i zgjedhim disa nga punimet m\u00eb personale n\u00eb K2.0 dhe i lexojm\u00eb me z\u00eb &#8211; sa m\u00eb shpesh q\u00eb \u00ebsht\u00eb e mundur, n\u00ebp\u00ebrmjet z\u00ebrave t\u00eb vet autor\u00ebve. Le t\u2019i lexojn\u00eb p\u00ebr ju autor\u00ebt e K2.0.<\/span><\/i><\/p>\n","protected":false},"excerpt":{"rendered":"<p>THYERJA E HESHTJES, TRANSFORMIMI I ZHURM\u00cbS &nbsp; Mir\u00ebsevini n\u00eb K2.0 Podcasts! N\u00eb K2.0, jemi n\u00eb disponim p\u00ebr t\u00eb eksperimentuar dhe&#8230;<\/p>\n","protected":false},"author":446,"featured_media":31954,"parent":0,"menu_order":75,"comment_status":"closed","ping_status":"closed","template":"podcast-page.php","meta":[],"_links":{"self":[{"href":"https:\/\/archive.kosovotwopointzero.com\/sr\/wp-json\/wp\/v2\/pages\/31879"}],"collection":[{"href":"https:\/\/archive.kosovotwopointzero.com\/sr\/wp-json\/wp\/v2\/pages"}],"about":[{"href":"https:\/\/archive.kosovotwopointzero.com\/sr\/wp-json\/wp\/v2\/types\/page"}],"author":[{"embeddable":true,"href":"https:\/\/archive.kosovotwopointzero.com\/sr\/wp-json\/wp\/v2\/users\/446"}],"replies":[{"embeddable":true,"href":"https:\/\/archive.kosovotwopointzero.com\/sr\/wp-json\/wp\/v2\/comments?post=31879"}],"version-history":[{"count":20,"href":"https:\/\/archive.kosovotwopointzero.com\/sr\/wp-json\/wp\/v2\/pages\/31879\/revisions"}],"predecessor-version":[{"id":33058,"href":"https:\/\/archive.kosovotwopointzero.com\/sr\/wp-json\/wp\/v2\/pages\/31879\/revisions\/33058"}],"wp:featuredmedia":[{"embeddable":true,"href":"https:\/\/archive.kosovotwopointzero.com\/sr\/wp-json\/wp\/v2\/media\/31954"}],"wp:attachment":[{"href":"https:\/\/archive.kosovotwopointzero.com\/sr\/wp-json\/wp\/v2\/media?parent=31879"}],"curies":[{"name":"wp","href":"https:\/\/api.w.org\/{rel}","templated":true}]}}