{"id":28772,"date":"2018-09-28T12:32:08","date_gmt":"2018-09-28T10:32:08","guid":{"rendered":"http:\/\/kosovotwopointzero.com\/?page_id=28772"},"modified":"2018-09-28T20:59:45","modified_gmt":"2018-09-28T18:59:45","slug":"proslost-danas","status":"publish","type":"page","link":"https:\/\/archive.kosovotwopointzero.com\/sr\/monografije\/proslost-danas\/","title":{"rendered":"Pro\u0161lost danas"},"content":{"rendered":"<p><span style=\"font-weight: 400;\">Od pro\u0161losti se ne mo\u017ee pobe\u0107i. Posebno kada u njoj \u017eive zlo\u010dini. K2.0 se bavi posleratnim periodom \u0161irom Zapadnog Balkana: Kako su se \u017ertve borile za pravdu i kako su ih institucije izneverile; kako su se politika, obrazovanje i komemoracije pomu\u010dili da pobegnu od otrova devedesetih; i kako to da se \u010dini da je pomirenje sada dalje nego ikada ranije.<\/span><\/p>\n","protected":false},"excerpt":{"rendered":"<p>Od pro\u0161losti se ne mo\u017ee pobe\u0107i. Posebno kada u njoj \u017eive zlo\u010dini. K2.0 se bavi posleratnim periodom \u0161irom Zapadnog Balkana:&#8230;<\/p>\n","protected":false},"author":14,"featured_media":28781,"parent":10803,"menu_order":127,"comment_status":"closed","ping_status":"closed","template":"page-category.php","meta":[],"_links":{"self":[{"href":"https:\/\/archive.kosovotwopointzero.com\/sr\/wp-json\/wp\/v2\/pages\/28772"}],"collection":[{"href":"https:\/\/archive.kosovotwopointzero.com\/sr\/wp-json\/wp\/v2\/pages"}],"about":[{"href":"https:\/\/archive.kosovotwopointzero.com\/sr\/wp-json\/wp\/v2\/types\/page"}],"author":[{"embeddable":true,"href":"https:\/\/archive.kosovotwopointzero.com\/sr\/wp-json\/wp\/v2\/users\/14"}],"replies":[{"embeddable":true,"href":"https:\/\/archive.kosovotwopointzero.com\/sr\/wp-json\/wp\/v2\/comments?post=28772"}],"version-history":[{"count":5,"href":"https:\/\/archive.kosovotwopointzero.com\/sr\/wp-json\/wp\/v2\/pages\/28772\/revisions"}],"predecessor-version":[{"id":29066,"href":"https:\/\/archive.kosovotwopointzero.com\/sr\/wp-json\/wp\/v2\/pages\/28772\/revisions\/29066"}],"up":[{"embeddable":true,"href":"https:\/\/archive.kosovotwopointzero.com\/sr\/wp-json\/wp\/v2\/pages\/10803"}],"wp:featuredmedia":[{"embeddable":true,"href":"https:\/\/archive.kosovotwopointzero.com\/sr\/wp-json\/wp\/v2\/media\/28781"}],"wp:attachment":[{"href":"https:\/\/archive.kosovotwopointzero.com\/sr\/wp-json\/wp\/v2\/media?parent=28772"}],"curies":[{"name":"wp","href":"https:\/\/api.w.org\/{rel}","templated":true}]}}