{"id":20869,"date":"2018-06-04T15:10:17","date_gmt":"2018-06-04T14:10:17","guid":{"rendered":"http:\/\/kosovotwopointzero.com\/monografije\/health\/"},"modified":"2018-06-26T13:44:15","modified_gmt":"2018-06-26T12:44:15","slug":"health","status":"publish","type":"page","link":"https:\/\/archive.kosovotwopointzero.com\/sr\/monografije\/health\/","title":{"rendered":"Zdravlje"},"content":{"rendered":"<p id=\":8i.ma\" class=\"Mu SP\" title=\"June 4, 2018 at 4:26:07 PM UTC+2\" data-tooltip=\"June 4, 2018 at 4:26:07 PM UTC+2\">K2.0 stavlja kosovsko zdravstvo pod lupu, fokusiraju\u0107i se na neke od osnovnih problema i izazove koji predstoje. Od javnog naspravm privatnog zdravstvenog sistema, preko preskupih lekova (koji imaju ili nemaju efekat), do prikupljanja sredstava za sopstveno pre\u017eivljavanje. \u0160ta kosovski gra\u0111ani i gra\u0111anke zaista moraju da rade kada je u pitanju njihovo zdravlje?<\/p>\n","protected":false},"excerpt":{"rendered":"<p>K2.0 stavlja kosovsko zdravstvo pod lupu, fokusiraju\u0107i se na neke od osnovnih problema i izazove koji predstoje. Od javnog naspravm&#8230;<\/p>\n","protected":false},"author":7,"featured_media":20525,"parent":10803,"menu_order":154,"comment_status":"closed","ping_status":"closed","template":"page-category.php","meta":[],"_links":{"self":[{"href":"https:\/\/archive.kosovotwopointzero.com\/sr\/wp-json\/wp\/v2\/pages\/20869"}],"collection":[{"href":"https:\/\/archive.kosovotwopointzero.com\/sr\/wp-json\/wp\/v2\/pages"}],"about":[{"href":"https:\/\/archive.kosovotwopointzero.com\/sr\/wp-json\/wp\/v2\/types\/page"}],"author":[{"embeddable":true,"href":"https:\/\/archive.kosovotwopointzero.com\/sr\/wp-json\/wp\/v2\/users\/7"}],"replies":[{"embeddable":true,"href":"https:\/\/archive.kosovotwopointzero.com\/sr\/wp-json\/wp\/v2\/comments?post=20869"}],"version-history":[{"count":2,"href":"https:\/\/archive.kosovotwopointzero.com\/sr\/wp-json\/wp\/v2\/pages\/20869\/revisions"}],"predecessor-version":[{"id":21376,"href":"https:\/\/archive.kosovotwopointzero.com\/sr\/wp-json\/wp\/v2\/pages\/20869\/revisions\/21376"}],"up":[{"embeddable":true,"href":"https:\/\/archive.kosovotwopointzero.com\/sr\/wp-json\/wp\/v2\/pages\/10803"}],"wp:featuredmedia":[{"embeddable":true,"href":"https:\/\/archive.kosovotwopointzero.com\/sr\/wp-json\/wp\/v2\/media\/20525"}],"wp:attachment":[{"href":"https:\/\/archive.kosovotwopointzero.com\/sr\/wp-json\/wp\/v2\/media?parent=20869"}],"curies":[{"name":"wp","href":"https:\/\/api.w.org\/{rel}","templated":true}]}}