{"id":18470,"date":"2018-02-16T12:24:52","date_gmt":"2018-02-16T11:24:52","guid":{"rendered":"http:\/\/kosovotwopointzero.com\/\/monografije\/kosovo-x\/"},"modified":"2018-02-21T09:38:35","modified_gmt":"2018-02-21T08:38:35","slug":"kosovo-x","status":"publish","type":"page","link":"https:\/\/archive.kosovotwopointzero.com\/sr\/monografije\/kosovo-x\/","title":{"rendered":"Kosova X"},"content":{"rendered":"<p>K2.0 pravi presek 10 godina otkako je Kosovo proglasilo nezavisnost, valjaju\u0107i se u nostalgiji iz 2008. i zami\u0161ljau\u0107i distopijske mogu\u0107nosti 2028. Vidimo kako je svetska politika oblikovala Kosovo i kako je nezavisna dr\u017eava formirala civilno dru\u0161tvo na Kosovu, i dru\u0161tvo u celosti. \u0160ta je napravljeno za sportiste, umetnike i omladinu? Da li smo ravnopravniji? Da li je Kosovo sekularno? Mo\u017ee li neko da pobegne odavde? Saznajte ovde.<\/p>\n","protected":false},"excerpt":{"rendered":"<p>K2.0 pravi presek 10 godina otkako je Kosovo proglasilo nezavisnost, valjaju\u0107i se u nostalgiji iz 2008. i zami\u0161ljau\u0107i distopijske mogu\u0107nosti&#8230;<\/p>\n","protected":false},"author":14,"featured_media":18317,"parent":10803,"menu_order":84,"comment_status":"closed","ping_status":"closed","template":"page-category.php","meta":[],"_links":{"self":[{"href":"https:\/\/archive.kosovotwopointzero.com\/sr\/wp-json\/wp\/v2\/pages\/18470"}],"collection":[{"href":"https:\/\/archive.kosovotwopointzero.com\/sr\/wp-json\/wp\/v2\/pages"}],"about":[{"href":"https:\/\/archive.kosovotwopointzero.com\/sr\/wp-json\/wp\/v2\/types\/page"}],"author":[{"embeddable":true,"href":"https:\/\/archive.kosovotwopointzero.com\/sr\/wp-json\/wp\/v2\/users\/14"}],"replies":[{"embeddable":true,"href":"https:\/\/archive.kosovotwopointzero.com\/sr\/wp-json\/wp\/v2\/comments?post=18470"}],"version-history":[{"count":2,"href":"https:\/\/archive.kosovotwopointzero.com\/sr\/wp-json\/wp\/v2\/pages\/18470\/revisions"}],"predecessor-version":[{"id":18505,"href":"https:\/\/archive.kosovotwopointzero.com\/sr\/wp-json\/wp\/v2\/pages\/18470\/revisions\/18505"}],"up":[{"embeddable":true,"href":"https:\/\/archive.kosovotwopointzero.com\/sr\/wp-json\/wp\/v2\/pages\/10803"}],"wp:featuredmedia":[{"embeddable":true,"href":"https:\/\/archive.kosovotwopointzero.com\/sr\/wp-json\/wp\/v2\/media\/18317"}],"wp:attachment":[{"href":"https:\/\/archive.kosovotwopointzero.com\/sr\/wp-json\/wp\/v2\/media?parent=18470"}],"curies":[{"name":"wp","href":"https:\/\/api.w.org\/{rel}","templated":true}]}}