{"id":15889,"date":"2017-10-17T08:55:20","date_gmt":"2017-10-17T07:55:20","guid":{"rendered":"http:\/\/kosovotwopointzero.com\/\/monografije\/zgjedhjet-lokale-2017\/"},"modified":"2017-10-17T10:48:21","modified_gmt":"2017-10-17T09:48:21","slug":"zgjedhjet-lokale-2017","status":"publish","type":"page","link":"https:\/\/archive.kosovotwopointzero.com\/sr\/monografije\/zgjedhjet-lokale-2017\/","title":{"rendered":"Lokalni izbori 2017"},"content":{"rendered":"<p><span style=\"font-weight: 400;\">K2.0 posmatra stanje u zajednicama uo\u010di oktobarskih lokalnih izbora. \u0160ta na\u0161e lokalne op\u0107ine rade za nas? Kako mogu u\u010diniti gra\u0111jane\/ke aktivnim i ponosnim na sredinu u kojoj \u017eive? Sa kakvim se izazovima suo\u010davaju? I sta gra\u0111jani\/ke rade -dobro i lo\u0161e &#8211; kada njihove op\u0107ine ne djeluju kako bi trebale?<\/span><\/p>\n","protected":false},"excerpt":{"rendered":"<p>K2.0 posmatra stanje u zajednicama uo\u010di oktobarskih lokalnih izbora. \u0160ta na\u0161e lokalne op\u0107ine rade za nas? Kako mogu u\u010diniti gra\u0111jane\/ke&#8230;<\/p>\n","protected":false},"author":3,"featured_media":15927,"parent":10803,"menu_order":95,"comment_status":"closed","ping_status":"closed","template":"page-category.php","meta":[],"_links":{"self":[{"href":"https:\/\/archive.kosovotwopointzero.com\/sr\/wp-json\/wp\/v2\/pages\/15889"}],"collection":[{"href":"https:\/\/archive.kosovotwopointzero.com\/sr\/wp-json\/wp\/v2\/pages"}],"about":[{"href":"https:\/\/archive.kosovotwopointzero.com\/sr\/wp-json\/wp\/v2\/types\/page"}],"author":[{"embeddable":true,"href":"https:\/\/archive.kosovotwopointzero.com\/sr\/wp-json\/wp\/v2\/users\/3"}],"replies":[{"embeddable":true,"href":"https:\/\/archive.kosovotwopointzero.com\/sr\/wp-json\/wp\/v2\/comments?post=15889"}],"version-history":[{"count":2,"href":"https:\/\/archive.kosovotwopointzero.com\/sr\/wp-json\/wp\/v2\/pages\/15889\/revisions"}],"predecessor-version":[{"id":15931,"href":"https:\/\/archive.kosovotwopointzero.com\/sr\/wp-json\/wp\/v2\/pages\/15889\/revisions\/15931"}],"up":[{"embeddable":true,"href":"https:\/\/archive.kosovotwopointzero.com\/sr\/wp-json\/wp\/v2\/pages\/10803"}],"wp:featuredmedia":[{"embeddable":true,"href":"https:\/\/archive.kosovotwopointzero.com\/sr\/wp-json\/wp\/v2\/media\/15927"}],"wp:attachment":[{"href":"https:\/\/archive.kosovotwopointzero.com\/sr\/wp-json\/wp\/v2\/media?parent=15889"}],"curies":[{"name":"wp","href":"https:\/\/api.w.org\/{rel}","templated":true}]}}