{"id":15462,"date":"2017-10-09T13:15:13","date_gmt":"2017-10-09T12:15:13","guid":{"rendered":"http:\/\/kosovotwopointzero.com\/\/monografije\/drejtat-lgbti\/"},"modified":"2017-10-10T14:06:09","modified_gmt":"2017-10-10T13:06:09","slug":"lgbti-prava","status":"publish","type":"page","link":"https:\/\/archive.kosovotwopointzero.com\/sr\/monografije\/lgbti-prava\/","title":{"rendered":"LGBTI prava"},"content":{"rendered":"<p>K2.0 otkriva procese javnog istupanja LGBTI osoba, prihvatanja druga\u010dijeg roda, suo\u010davanja sa me\u0111upolno\u0161\u0107u i prevla\u0111ivanja predrasuda. Bavimo se istorijom LGBTI pokreta i ljudima koji se bore za jednaka prava na Kosovu i u regionu, te ocenjujemo koji zakoni fale da bi se jednom zasvagda za\u0161titila LGBTI prava.<\/p>\n","protected":false},"excerpt":{"rendered":"<p>K2.0 otkriva procese javnog istupanja LGBTI osoba, prihvatanja druga\u010dijeg roda, suo\u010davanja sa me\u0111upolno\u0161\u0107u i prevla\u0111ivanja predrasuda. Bavimo se istorijom LGBTI&#8230;<\/p>\n","protected":false},"author":3,"featured_media":15433,"parent":10803,"menu_order":92,"comment_status":"closed","ping_status":"closed","template":"page-category.php","meta":[],"_links":{"self":[{"href":"https:\/\/archive.kosovotwopointzero.com\/sr\/wp-json\/wp\/v2\/pages\/15462"}],"collection":[{"href":"https:\/\/archive.kosovotwopointzero.com\/sr\/wp-json\/wp\/v2\/pages"}],"about":[{"href":"https:\/\/archive.kosovotwopointzero.com\/sr\/wp-json\/wp\/v2\/types\/page"}],"author":[{"embeddable":true,"href":"https:\/\/archive.kosovotwopointzero.com\/sr\/wp-json\/wp\/v2\/users\/3"}],"replies":[{"embeddable":true,"href":"https:\/\/archive.kosovotwopointzero.com\/sr\/wp-json\/wp\/v2\/comments?post=15462"}],"version-history":[{"count":3,"href":"https:\/\/archive.kosovotwopointzero.com\/sr\/wp-json\/wp\/v2\/pages\/15462\/revisions"}],"predecessor-version":[{"id":15632,"href":"https:\/\/archive.kosovotwopointzero.com\/sr\/wp-json\/wp\/v2\/pages\/15462\/revisions\/15632"}],"up":[{"embeddable":true,"href":"https:\/\/archive.kosovotwopointzero.com\/sr\/wp-json\/wp\/v2\/pages\/10803"}],"wp:featuredmedia":[{"embeddable":true,"href":"https:\/\/archive.kosovotwopointzero.com\/sr\/wp-json\/wp\/v2\/media\/15433"}],"wp:attachment":[{"href":"https:\/\/archive.kosovotwopointzero.com\/sr\/wp-json\/wp\/v2\/media?parent=15462"}],"curies":[{"name":"wp","href":"https:\/\/api.w.org\/{rel}","templated":true}]}}