{"id":13019,"date":"2017-06-08T10:12:28","date_gmt":"2017-06-08T09:12:28","guid":{"rendered":"http:\/\/kosovotwopointzero.com\/\/monografije\/elections-2017\/"},"modified":"2017-06-08T18:54:38","modified_gmt":"2017-06-08T17:54:38","slug":"izbori-2017","status":"publish","type":"page","link":"https:\/\/archive.kosovotwopointzero.com\/sr\/monografije\/izbori-2017\/","title":{"rendered":"Izbori 2017"},"content":{"rendered":"<p><span style=\"font-weight: 400;\">K2.0 se podrobno bavi kosovskim strankama i njihovim pristupima klju\u010dnim pitanjima, obuhvataju\u0107i slede\u0107a: obrazovanje, zapo\u0161ljavanje, rodna ravnopravnost, energetika, \u017eivotna okolina, kultura, sport, LGBTI prava, korupcija, zdravstveno osiguranje i vojska. Na\u0161oj pronicljivoj pokrivenosti ovih pitanja dodajemo analize i razli\u010dite ta\u010dke gledi\u0161ta, kao i blogove na\u0161ih \u010ditalaca.<\/span><\/p>\n","protected":false},"excerpt":{"rendered":"<p>K2.0 se podrobno bavi kosovskim strankama i njihovim pristupima klju\u010dnim pitanjima, obuhvataju\u0107i slede\u0107a: obrazovanje, zapo\u0161ljavanje, rodna ravnopravnost, energetika, \u017eivotna okolina,&#8230;<\/p>\n","protected":false},"author":3,"featured_media":12195,"parent":10803,"menu_order":69,"comment_status":"closed","ping_status":"closed","template":"page-category.php","meta":[],"_links":{"self":[{"href":"https:\/\/archive.kosovotwopointzero.com\/sr\/wp-json\/wp\/v2\/pages\/13019"}],"collection":[{"href":"https:\/\/archive.kosovotwopointzero.com\/sr\/wp-json\/wp\/v2\/pages"}],"about":[{"href":"https:\/\/archive.kosovotwopointzero.com\/sr\/wp-json\/wp\/v2\/types\/page"}],"author":[{"embeddable":true,"href":"https:\/\/archive.kosovotwopointzero.com\/sr\/wp-json\/wp\/v2\/users\/3"}],"replies":[{"embeddable":true,"href":"https:\/\/archive.kosovotwopointzero.com\/sr\/wp-json\/wp\/v2\/comments?post=13019"}],"version-history":[{"count":2,"href":"https:\/\/archive.kosovotwopointzero.com\/sr\/wp-json\/wp\/v2\/pages\/13019\/revisions"}],"predecessor-version":[{"id":13021,"href":"https:\/\/archive.kosovotwopointzero.com\/sr\/wp-json\/wp\/v2\/pages\/13019\/revisions\/13021"}],"up":[{"embeddable":true,"href":"https:\/\/archive.kosovotwopointzero.com\/sr\/wp-json\/wp\/v2\/pages\/10803"}],"wp:featuredmedia":[{"embeddable":true,"href":"https:\/\/archive.kosovotwopointzero.com\/sr\/wp-json\/wp\/v2\/media\/12195"}],"wp:attachment":[{"href":"https:\/\/archive.kosovotwopointzero.com\/sr\/wp-json\/wp\/v2\/media?parent=13019"}],"curies":[{"name":"wp","href":"https:\/\/api.w.org\/{rel}","templated":true}]}}