{"id":10842,"date":"2017-03-13T00:16:02","date_gmt":"2017-03-12T23:16:02","guid":{"rendered":"http:\/\/kosovotwopointzero.com\/\/monografije\/sport\/"},"modified":"2017-03-16T18:07:35","modified_gmt":"2017-03-16T17:07:35","slug":"sport","status":"publish","type":"page","link":"https:\/\/archive.kosovotwopointzero.com\/sr\/monografije\/sport\/","title":{"rendered":"Sport"},"content":{"rendered":"<p><span style=\"font-weight: 400;\">K2.0 istra\u017euje novu eru sporta na Kosovu. Mi to slavimo, bave\u0107i se prvim uspesima ove nove ere. Bavimo se time kako se kosovski sport transformi\u0161e, ispituju\u0107i njegovu infrastrukturu, njegove lidere i finansije. Upoznajemo budu\u0107e zvezde i preispitujemo kakav uticaj ovakvo priznanje ima na druge. Do\u0111ite i takmi\u010dite se!<\/span><\/p>\n","protected":false},"excerpt":{"rendered":"<p>K2.0 istra\u017euje novu eru sporta na Kosovu. Mi to slavimo, bave\u0107i se prvim uspesima ove nove ere. Bavimo se time&#8230;<\/p>\n","protected":false},"author":3,"featured_media":10796,"parent":10803,"menu_order":138,"comment_status":"closed","ping_status":"closed","template":"page-category.php","meta":[],"_links":{"self":[{"href":"https:\/\/archive.kosovotwopointzero.com\/sr\/wp-json\/wp\/v2\/pages\/10842"}],"collection":[{"href":"https:\/\/archive.kosovotwopointzero.com\/sr\/wp-json\/wp\/v2\/pages"}],"about":[{"href":"https:\/\/archive.kosovotwopointzero.com\/sr\/wp-json\/wp\/v2\/types\/page"}],"author":[{"embeddable":true,"href":"https:\/\/archive.kosovotwopointzero.com\/sr\/wp-json\/wp\/v2\/users\/3"}],"replies":[{"embeddable":true,"href":"https:\/\/archive.kosovotwopointzero.com\/sr\/wp-json\/wp\/v2\/comments?post=10842"}],"version-history":[{"count":4,"href":"https:\/\/archive.kosovotwopointzero.com\/sr\/wp-json\/wp\/v2\/pages\/10842\/revisions"}],"predecessor-version":[{"id":11039,"href":"https:\/\/archive.kosovotwopointzero.com\/sr\/wp-json\/wp\/v2\/pages\/10842\/revisions\/11039"}],"up":[{"embeddable":true,"href":"https:\/\/archive.kosovotwopointzero.com\/sr\/wp-json\/wp\/v2\/pages\/10803"}],"wp:featuredmedia":[{"embeddable":true,"href":"https:\/\/archive.kosovotwopointzero.com\/sr\/wp-json\/wp\/v2\/media\/10796"}],"wp:attachment":[{"href":"https:\/\/archive.kosovotwopointzero.com\/sr\/wp-json\/wp\/v2\/media?parent=10842"}],"curies":[{"name":"wp","href":"https:\/\/api.w.org\/{rel}","templated":true}]}}